{"id":1569,"date":"2024-02-13T11:51:05","date_gmt":"2024-02-13T11:51:05","guid":{"rendered":"https:\/\/torreznosmadrid.es\/?page_id=1569"},"modified":"2025-08-31T10:47:44","modified_gmt":"2025-08-31T10:47:44","slug":"bocadillos","status":"publish","type":"page","link":"https:\/\/torreznosmadrid.es\/en\/bocadillos\/","title":{"rendered":"Bocadillos en O\u2019Donnell"},"content":{"rendered":"<h1>Bocadillos O&#8217;Donnell<\/h1>\n<h2>Bocadillos<\/h2>\n<div>Los mejores bocatas de O&#8217;Donnell<\/div>\n<hr>\n<ul>\n<li>\n<h3>Anchoas<\/h3>\n<p>6.00 \/ 3.50 m<\/p>\n<div>Anchovies<\/div>\n<\/li>\n<li>\n<h3>At\u00fan con pimiento<\/h3>\n<p>5,50 \/ 3.20 m<\/p>\n<div>Tuna with pepper<\/div>\n<\/li>\n<li>\n<h3>Bacon<\/h3>\n<p>5,50 \/ 3.20 m<\/p>\n<div>Bacon<\/div>\n<\/li>\n<li>\n<h3>Boquerones en vinagre<\/h3>\n<p>6.00 \/ 3.50 m<\/p>\n<div>Anchovies in vinegar<\/div>\n<\/li>\n<li>\n<h3>Caballa con pimiento<\/h3>\n<p>5,50 \/ 3.20 m<\/p>\n<div>Mackerel with pepper<\/div>\n<\/li>\n<li>\n<h3>Calamares a la andaluza<\/h3>\n<p>5,80 \/ 3.20 m<\/p>\n<div>Squids at \u00abAndaluza\u00bb style<\/div>\n<\/li>\n<li>\n<h3>Cinta de lomo<\/h3>\n<p>5,80 \/ 3.20 m<\/p>\n<div>Loin<\/div>\n<\/li>\n<li>\n<h3>Chorizo Ib\u00e9rico<\/h3>\n<p>5,20 \/ 3.20 m<\/p>\n<div>Sausage Iberian<\/div>\n<\/li>\n<li>\n<h3>Chorizo olla<\/h3>\n<p>5,20 \/ 3.20 m<\/p>\n<div>Cooked sausage<\/div>\n<\/li>\n<li>\n<h3>Lac\u00f3n<\/h3>\n<p>5,20 \/ 3.20 m<\/p>\n<div>Lacon<\/div>\n<\/li>\n<li>\n<h3>Jam\u00f3n serrano<\/h3>\n<p>5,50 \/ 3.20 m<\/p>\n<div>Serrano ham<\/div>\n<\/li>\n<li>\n<h3>Jam\u00f3n ib\u00e9rico<\/h3>\n<p>7,50 \/ 4.00 m<\/p>\n<div>Iberian Ham<\/div>\n<\/li>\n<li>\n<h3>Jam\u00f3n york y queso<\/h3>\n<p>5,20 \/ 3.20 m<\/p>\n<div>Ham and chesse<\/div>\n<\/li>\n<li>\n<h3>Morcilla<\/h3>\n<p>5,50  \/ 3.20<\/p>\n<div>Blood sausage<\/div>\n<\/li>\n<li>\n<h3>Oreja a la plancha<\/h3>\n<p>6.50<\/p>\n<div>Grilled pork ear<\/div>\n<\/li>\n<li>\n<h3>Panceta fresca<\/h3>\n<p>5,50  \/ 3.20<\/p>\n<div>Fresh bacon<\/div>\n<\/li>\n<li>\n<h3>Pepito de ternera<\/h3>\n<p>6.20<\/p>\n<div>Small beef sandwich<\/div>\n<\/li>\n<li>\n<h3>Queso de oveja<\/h3>\n<p>5,50  \/ 3.20<\/p>\n<div>Sheep cheese<\/div>\n<\/li>\n<li>\n<h3>Salchich\u00f3n Ib\u00e9rico<\/h3>\n<p>5.20  \/ 3.20<\/p>\n<div>Iberian sausage<\/div>\n<\/li>\n<li>\n<h3>Torreznos<\/h3>\n<p>5.50  \/ 3.20<\/p>\n<\/li>\n<li>\n<h3>Tortilla Espa\u00f1ola<\/h3>\n<p>5.00 \/ 3.20<\/p>\n<div>Spanish omelet<\/div>\n<\/li>\n<li>\n<h3>Tortilla francesa<\/h3>\n<p>5.20<\/p>\n<div>Omelette<\/div>\n<\/li>\n<li>\n<h3>Pollo plancha<\/h3>\n<p>5.80  \/ 3.20<\/p>\n<div>Grilled chicken<\/div>\n<\/li>\n<li>\n<h3>Pimientos fritos<\/h3>\n<p>4.80 <\/p>\n<div>Fried peppers<\/div>\n<\/li>\n<\/ul>\n<h2>Sandwich<\/h2>\n<ul>\n<li>\n<h3>S\u00e1ndwich mixto<\/h3>\n<p>3.50<\/p>\n<div>Sandwich with ham and chesse<\/div>\n<\/li>\n<li>\n<h3>S\u00e1ndwich mixto con huevo<\/h3>\n<p>4.50<\/p>\n<div>Sandwich with ham, chesse and egg<\/div>\n<\/li>\n<li>\n<h3>S\u00e1ndwich mixto con huevo y bac\u00f3n<\/h3>\n<p>5.50<\/p>\n<div>Sandwich with ham, chesse, egg and bacon<\/div>\n<\/li>\n<\/ul>\n<h2>Suplementos<\/h2>\n<h3>Toppings &#038; extras<\/h3>\n<ul>\n<li>\n<h3>Tomate<\/h3>\n<p>0.50<\/p>\n<div>Tomato<\/div>\n<\/li>\n<li>\n<h3>Queso<\/h3>\n<p>0.50<\/p>\n<div>Cheese<\/div>\n<\/li>\n<li>\n<h3>Pimiento<\/h3>\n<p>1.00<\/p>\n<div>Pepper<\/div>\n<\/li>\n<li>\n<h3>Sobre salsa<\/h3>\n<p>0.30<\/p>\n<div>Sachet of sauce<\/div>\n<\/li>\n<\/ul>\n<p><!--more--><br \/>\n<!-- {\"type\":\"layout\",\"children\":[{\"name\":\"Carta de bebidas\",\"type\":\"section\",\"props\":{\"animation\":\"fade\",\"image\":\"wp-content\\\/uploads\\\/2024\\\/02\\\/bocatas-sanwhich-odonnell.jpg\",\"image_effect\":\"fixed\",\"image_fixed\":true,\"image_loading\":true,\"image_position\":\"center-center\",\"image_size\":\"cover\",\"padding\":\"large\",\"padding_remove_top\":false,\"style\":\"default\",\"title_breakpoint\":\"xl\",\"title_position\":\"top-left\",\"title_rotation\":\"left\",\"vertical_align\":\"\",\"width\":\"default\"},\"children\":[{\"type\":\"row\",\"children\":[{\"type\":\"column\",\"props\":{\"image_position\":\"center-center\",\"padding\":\"large\",\"position_sticky_breakpoint\":\"m\",\"style\":\"tile-default\",\"width_medium\":\"1-1\"},\"children\":[{\"type\":\"headline\",\"props\":{\"content\":\"Bocadillos O'Donnell\",\"text_align\":\"center\",\"title_element\":\"h1\",\"title_style\":\"h2\"}},{\"type\":\"headline\",\"props\":{\"content\":\"Bocadillos\",\"text_align\":\"center\",\"title_element\":\"h2\",\"title_style\":\"h3\"}},{\"type\":\"text\",\"props\":{\"column_breakpoint\":\"m\",\"content\":\"Los mejores bocatas de O'Donnell\",\"margin\":\"\",\"margin_remove_bottom\":false,\"text_align\":\"center\"}},{\"type\":\"divider\",\"props\":{\"divider_align\":\"center\",\"divider_element\":\"hr\",\"divider_style\":\"small\"}},{\"type\":\"description_list\",\"props\":{\"block_align\":\"center\",\"column_breakpoint\":\"m\",\"layout\":\"grid-2-m\",\"list_element\":\"ul\",\"list_size\":\"large\",\"margin\":\"large\",\"maxwidth\":\"xlarge\",\"meta_align\":\"bottom\",\"meta_color\":\"primary\",\"meta_style\":\"\",\"show_content\":true,\"show_link\":true,\"show_meta\":true,\"show_title\":true,\"title_element\":\"div\",\"title_grid_column_gap\":\"small\",\"title_grid_row_gap\":\"small\",\"title_grid_width\":\"expand\",\"title_leader\":true},\"children\":[{\"type\":\"description_list_item\",\"props\":{\"content\":\"Anchovies\",\"meta\":\"6.00 \\\/ 3.50 m\",\"title\":\"Anchoas\"}},{\"type\":\"description_list_item\",\"props\":{\"content\":\"Tuna with pepper\",\"meta\":\"5,50 \\\/ 3.20 m\",\"title\":\"At\\u00fan con pimiento\"}},{\"type\":\"description_list_item\",\"props\":{\"content\":\"Bacon\",\"meta\":\"5,50 \\\/ 3.20 m\",\"title\":\"Bacon\"}},{\"type\":\"description_list_item\",\"props\":{\"content\":\"Anchovies in vinegar\",\"meta\":\"6.00 \\\/ 3.50 m\",\"title\":\"Boquerones en vinagre\"}},{\"type\":\"description_list_item\",\"props\":{\"content\":\"Mackerel with pepper\",\"meta\":\"5,50 \\\/ 3.20 m\",\"title\":\"Caballa con pimiento\"}},{\"type\":\"description_list_item\",\"props\":{\"content\":\"Squids at \\\"Andaluza\\\" style\",\"meta\":\"5,80 \\\/ 3.20 m\",\"title\":\"Calamares a la andaluza\"}},{\"type\":\"description_list_item\",\"props\":{\"content\":\"Loin\",\"meta\":\"5,80 \\\/ 3.20 m\",\"title\":\"Cinta de lomo\"}},{\"type\":\"description_list_item\",\"props\":{\"content\":\"Sausage Iberian\",\"meta\":\"5,20 \\\/ 3.20 m\",\"title\":\"Chorizo Ib\\u00e9rico\"}},{\"type\":\"description_list_item\",\"props\":{\"content\":\"Cooked sausage\",\"meta\":\"5,20 \\\/ 3.20 m\",\"title\":\"Chorizo olla\"}},{\"type\":\"description_list_item\",\"props\":{\"content\":\"Lacon\",\"meta\":\"5,20 \\\/ 3.20 m\",\"title\":\"Lac\\u00f3n\"}},{\"type\":\"description_list_item\",\"props\":{\"content\":\"Serrano ham\",\"meta\":\"5,50 \\\/ 3.20 m\",\"title\":\"Jam\\u00f3n serrano\"}},{\"type\":\"description_list_item\",\"props\":{\"content\":\"Iberian Ham\",\"meta\":\"7,50 \\\/ 4.00 m\",\"title\":\"Jam\\u00f3n ib\\u00e9rico\"}},{\"type\":\"description_list_item\",\"props\":{\"content\":\"Ham and chesse\",\"meta\":\"5,20 \\\/ 3.20 m\",\"title\":\"Jam\\u00f3n york y queso\"}},{\"type\":\"description_list_item\",\"props\":{\"content\":\"Blood sausage\",\"meta\":\"5,50  \\\/ 3.20\",\"title\":\"Morcilla\"}},{\"type\":\"description_list_item\",\"props\":{\"content\":\"Grilled pork ear\",\"meta\":\"6.50\",\"title\":\"Oreja a la plancha\"}},{\"type\":\"description_list_item\",\"props\":{\"content\":\"Fresh bacon\",\"meta\":\"5,50  \\\/ 3.20\",\"title\":\"Panceta fresca\"}},{\"type\":\"description_list_item\",\"props\":{\"content\":\"Small beef sandwich\",\"meta\":\"6.20\",\"title\":\"Pepito de ternera\"}},{\"type\":\"description_list_item\",\"props\":{\"content\":\"Sheep cheese\",\"meta\":\"5,50  \\\/ 3.20\",\"title\":\"Queso de oveja\"}},{\"type\":\"description_list_item\",\"props\":{\"content\":\"Iberian sausage\",\"meta\":\"5.20  \\\/ 3.20\",\"title\":\"Salchich\\u00f3n Ib\\u00e9rico\"}},{\"type\":\"description_list_item\",\"props\":{\"content\":\"\",\"meta\":\"5.50  \\\/ 3.20\",\"title\":\"Torreznos\"}},{\"type\":\"description_list_item\",\"props\":{\"content\":\"Spanish omelet\",\"meta\":\"5.00 \\\/ 3.20\",\"title\":\"Tortilla Espa\\u00f1ola\"}},{\"type\":\"description_list_item\",\"props\":{\"content\":\"Omelette\",\"meta\":\"5.20\",\"title\":\"Tortilla francesa\"}},{\"type\":\"description_list_item\",\"props\":{\"content\":\"Grilled chicken\",\"meta\":\"5.80  \\\/ 3.20\",\"title\":\"Pollo plancha\"}},{\"type\":\"description_list_item\",\"props\":{\"content\":\"Fried peppers\",\"meta\":\"4.80 \",\"title\":\"Pimientos fritos\"}}]},{\"type\":\"headline\",\"props\":{\"content\":\"Sandwich\",\"text_align\":\"center\",\"title_element\":\"h2\",\"title_style\":\"h3\"}},{\"type\":\"description_list\",\"props\":{\"block_align\":\"center\",\"column_breakpoint\":\"m\",\"layout\":\"grid-2-m\",\"list_element\":\"ul\",\"list_size\":\"large\",\"margin\":\"large\",\"maxwidth\":\"xlarge\",\"meta_align\":\"bottom\",\"meta_color\":\"primary\",\"meta_style\":\"\",\"show_content\":true,\"show_link\":true,\"show_meta\":true,\"show_title\":true,\"title_element\":\"div\",\"title_grid_column_gap\":\"small\",\"title_grid_row_gap\":\"small\",\"title_grid_width\":\"expand\",\"title_leader\":true},\"children\":[{\"type\":\"description_list_item\",\"props\":{\"content\":\"Sandwich with ham and chesse\",\"meta\":\"3.50\",\"title\":\"S\\u00e1ndwich mixto\"}},{\"type\":\"description_list_item\",\"props\":{\"content\":\"Sandwich with ham, chesse and egg\",\"meta\":\"4.50\",\"title\":\"S\\u00e1ndwich mixto con huevo\"}},{\"type\":\"description_list_item\",\"props\":{\"content\":\"Sandwich with ham, chesse, egg and bacon\",\"meta\":\"5.50\",\"title\":\"S\\u00e1ndwich mixto con huevo y bac\\u00f3n\"}}]},{\"type\":\"headline\",\"props\":{\"content\":\"Suplementos\",\"text_align\":\"center\",\"title_element\":\"h2\",\"title_style\":\"h3\"}},{\"type\":\"headline\",\"props\":{\"content\":\"Toppings & extras\",\"text_align\":\"center\",\"title_element\":\"h3\",\"title_style\":\"h5\"}},{\"type\":\"description_list\",\"props\":{\"block_align\":\"center\",\"column_breakpoint\":\"m\",\"layout\":\"grid-2-m\",\"list_element\":\"ul\",\"list_size\":\"large\",\"margin\":\"large\",\"maxwidth\":\"xlarge\",\"meta_align\":\"bottom\",\"meta_color\":\"primary\",\"meta_style\":\"\",\"show_content\":true,\"show_link\":true,\"show_meta\":true,\"show_title\":true,\"title_element\":\"div\",\"title_grid_column_gap\":\"small\",\"title_grid_row_gap\":\"small\",\"title_grid_width\":\"expand\",\"title_leader\":true},\"children\":[{\"type\":\"description_list_item\",\"props\":{\"content\":\"Tomato\",\"meta\":\"0.50\",\"title\":\"Tomate\"}},{\"type\":\"description_list_item\",\"props\":{\"content\":\"Cheese\",\"meta\":\"0.50\",\"title\":\"Queso\"}},{\"type\":\"description_list_item\",\"props\":{\"content\":\"Pepper\",\"meta\":\"1.00\",\"title\":\"Pimiento\"}},{\"type\":\"description_list_item\",\"props\":{\"content\":\"Sachet of sauce\",\"meta\":\"0.30\",\"title\":\"Sobre salsa\"}}]}]}]}]}],\"version\":\"4.4.18\"} --><\/p>\n","protected":false},"excerpt":{"rendered":"<p>Bocadillos O&#8217;Donnell Bocadillos Los mejores bocatas de O&#8217;Donnell Anchoas 6.00 \/ 3.50 m Anchovies At\u00fan con pimiento 5,50 \/ 3.20 m Tuna with pepper Bacon 5,50 \/ 3.20 m Bacon Boquerones en vinagre 6.00 \/ 3.50 m Anchovies in vinegar Caballa con pimiento 5,50 \/ 3.20 m Mackerel with pepper Calamares a la andaluza 5,80 [&hellip;]<\/p>\n","protected":false},"author":1,"featured_media":1587,"parent":0,"menu_order":0,"comment_status":"closed","ping_status":"closed","template":"","meta":{"_acf_changed":false,"footnotes":""},"class_list":["post-1569","page","type-page","status-publish","has-post-thumbnail","hentry"],"acf":[],"yoast_head":"<!-- This site is optimized with the Yoast SEO plugin v27.4 - https:\/\/yoast.com\/product\/yoast-seo-wordpress\/ -->\n<title>Bocadillos en O\u2019Donnell - Torreznos Madrid<\/title>\n<meta name=\"description\" content=\"Descubre los bocadillos m\u00e1s deliciosos de O&#039;Donnell. Desde cl\u00e1sicos hasta creaciones \u00fanicas, satisface tus antojos con nuestra variedad.\" \/>\n<meta name=\"robots\" content=\"index, follow, max-snippet:-1, max-image-preview:large, max-video-preview:-1\" \/>\n<link rel=\"canonical\" href=\"https:\/\/torreznosmadrid.es\/en\/bocadillos\/\" \/>\n<meta property=\"og:locale\" content=\"en_GB\" \/>\n<meta property=\"og:type\" content=\"article\" \/>\n<meta property=\"og:title\" content=\"Bocadillos en O\u2019Donnell - Torreznos Madrid\" \/>\n<meta property=\"og:description\" content=\"Descubre los bocadillos m\u00e1s deliciosos de O&#039;Donnell. Desde cl\u00e1sicos hasta creaciones \u00fanicas, satisface tus antojos con nuestra variedad.\" \/>\n<meta property=\"og:url\" content=\"https:\/\/torreznosmadrid.es\/en\/bocadillos\/\" \/>\n<meta property=\"og:site_name\" content=\"Torreznos Madrid\" \/>\n<meta property=\"article:modified_time\" content=\"2025-08-31T10:47:44+00:00\" \/>\n<meta property=\"og:image\" content=\"https:\/\/torreznosmadrid.es\/wp-content\/uploads\/2024\/02\/bocatas-sanwhich-odonnell.jpg\" \/>\n\t<meta property=\"og:image:width\" content=\"640\" \/>\n\t<meta property=\"og:image:height\" content=\"960\" \/>\n\t<meta property=\"og:image:type\" content=\"image\/jpeg\" \/>\n<meta name=\"twitter:card\" content=\"summary_large_image\" \/>\n<meta name=\"twitter:label1\" content=\"Estimated reading time\" \/>\n\t<meta name=\"twitter:data1\" content=\"2 minutes\" \/>\n<script type=\"application\/ld+json\" class=\"yoast-schema-graph\">{\"@context\":\"https:\\\/\\\/schema.org\",\"@graph\":[{\"@type\":\"WebPage\",\"@id\":\"https:\\\/\\\/torreznosmadrid.es\\\/bocadillos\\\/\",\"url\":\"https:\\\/\\\/torreznosmadrid.es\\\/bocadillos\\\/\",\"name\":\"Bocadillos en O\u2019Donnell - Torreznos Madrid\",\"isPartOf\":{\"@id\":\"https:\\\/\\\/torreznosmadrid.es\\\/#website\"},\"primaryImageOfPage\":{\"@id\":\"https:\\\/\\\/torreznosmadrid.es\\\/bocadillos\\\/#primaryimage\"},\"image\":{\"@id\":\"https:\\\/\\\/torreznosmadrid.es\\\/bocadillos\\\/#primaryimage\"},\"thumbnailUrl\":\"https:\\\/\\\/torreznosmadrid.es\\\/wp-content\\\/uploads\\\/2024\\\/02\\\/bocatas-sanwhich-odonnell.jpg\",\"datePublished\":\"2024-02-13T11:51:05+00:00\",\"dateModified\":\"2025-08-31T10:47:44+00:00\",\"description\":\"Descubre los bocadillos m\u00e1s deliciosos de O'Donnell. Desde cl\u00e1sicos hasta creaciones \u00fanicas, satisface tus antojos con nuestra variedad.\",\"breadcrumb\":{\"@id\":\"https:\\\/\\\/torreznosmadrid.es\\\/bocadillos\\\/#breadcrumb\"},\"inLanguage\":\"en-GB\",\"potentialAction\":[{\"@type\":\"ReadAction\",\"target\":[\"https:\\\/\\\/torreznosmadrid.es\\\/bocadillos\\\/\"]}]},{\"@type\":\"ImageObject\",\"inLanguage\":\"en-GB\",\"@id\":\"https:\\\/\\\/torreznosmadrid.es\\\/bocadillos\\\/#primaryimage\",\"url\":\"https:\\\/\\\/torreznosmadrid.es\\\/wp-content\\\/uploads\\\/2024\\\/02\\\/bocatas-sanwhich-odonnell.jpg\",\"contentUrl\":\"https:\\\/\\\/torreznosmadrid.es\\\/wp-content\\\/uploads\\\/2024\\\/02\\\/bocatas-sanwhich-odonnell.jpg\",\"width\":640,\"height\":960},{\"@type\":\"BreadcrumbList\",\"@id\":\"https:\\\/\\\/torreznosmadrid.es\\\/bocadillos\\\/#breadcrumb\",\"itemListElement\":[{\"@type\":\"ListItem\",\"position\":1,\"name\":\"Home\",\"item\":\"https:\\\/\\\/torreznosmadrid.es\\\/\"},{\"@type\":\"ListItem\",\"position\":2,\"name\":\"Bocadillos en O\u2019Donnell\"}]},{\"@type\":\"WebSite\",\"@id\":\"https:\\\/\\\/torreznosmadrid.es\\\/#website\",\"url\":\"https:\\\/\\\/torreznosmadrid.es\\\/\",\"name\":\"Torreznos Madrid\",\"description\":\"Los mejores torreznos de Madrid\",\"publisher\":{\"@id\":\"https:\\\/\\\/torreznosmadrid.es\\\/#organization\"},\"potentialAction\":[{\"@type\":\"SearchAction\",\"target\":{\"@type\":\"EntryPoint\",\"urlTemplate\":\"https:\\\/\\\/torreznosmadrid.es\\\/?s={search_term_string}\"},\"query-input\":{\"@type\":\"PropertyValueSpecification\",\"valueRequired\":true,\"valueName\":\"search_term_string\"}}],\"inLanguage\":\"en-GB\"},{\"@type\":\"Organization\",\"@id\":\"https:\\\/\\\/torreznosmadrid.es\\\/#organization\",\"name\":\"Torreznos Madrid\",\"url\":\"https:\\\/\\\/torreznosmadrid.es\\\/\",\"logo\":{\"@type\":\"ImageObject\",\"inLanguage\":\"en-GB\",\"@id\":\"https:\\\/\\\/torreznosmadrid.es\\\/#\\\/schema\\\/logo\\\/image\\\/\",\"url\":\"https:\\\/\\\/torreznosmadrid.es\\\/wp-content\\\/uploads\\\/2024\\\/03\\\/Torreznos-Madrid.webp\",\"contentUrl\":\"https:\\\/\\\/torreznosmadrid.es\\\/wp-content\\\/uploads\\\/2024\\\/03\\\/Torreznos-Madrid.webp\",\"width\":414,\"height\":414,\"caption\":\"Torreznos Madrid\"},\"image\":{\"@id\":\"https:\\\/\\\/torreznosmadrid.es\\\/#\\\/schema\\\/logo\\\/image\\\/\"}}]}<\/script>\n<!-- \/ Yoast SEO plugin. -->","yoast_head_json":{"title":"Bocadillos en O\u2019Donnell - Torreznos Madrid","description":"Descubre los bocadillos m\u00e1s deliciosos de O'Donnell. Desde cl\u00e1sicos hasta creaciones \u00fanicas, satisface tus antojos con nuestra variedad.","robots":{"index":"index","follow":"follow","max-snippet":"max-snippet:-1","max-image-preview":"max-image-preview:large","max-video-preview":"max-video-preview:-1"},"canonical":"https:\/\/torreznosmadrid.es\/en\/bocadillos\/","og_locale":"en_GB","og_type":"article","og_title":"Bocadillos en O\u2019Donnell - Torreznos Madrid","og_description":"Descubre los bocadillos m\u00e1s deliciosos de O'Donnell. Desde cl\u00e1sicos hasta creaciones \u00fanicas, satisface tus antojos con nuestra variedad.","og_url":"https:\/\/torreznosmadrid.es\/en\/bocadillos\/","og_site_name":"Torreznos Madrid","article_modified_time":"2025-08-31T10:47:44+00:00","og_image":[{"width":640,"height":960,"url":"https:\/\/torreznosmadrid.es\/wp-content\/uploads\/2024\/02\/bocatas-sanwhich-odonnell.jpg","type":"image\/jpeg"}],"twitter_card":"summary_large_image","twitter_misc":{"Estimated reading time":"2 minutes"},"schema":{"@context":"https:\/\/schema.org","@graph":[{"@type":"WebPage","@id":"https:\/\/torreznosmadrid.es\/bocadillos\/","url":"https:\/\/torreznosmadrid.es\/bocadillos\/","name":"Bocadillos en O\u2019Donnell - Torreznos Madrid","isPartOf":{"@id":"https:\/\/torreznosmadrid.es\/#website"},"primaryImageOfPage":{"@id":"https:\/\/torreznosmadrid.es\/bocadillos\/#primaryimage"},"image":{"@id":"https:\/\/torreznosmadrid.es\/bocadillos\/#primaryimage"},"thumbnailUrl":"https:\/\/torreznosmadrid.es\/wp-content\/uploads\/2024\/02\/bocatas-sanwhich-odonnell.jpg","datePublished":"2024-02-13T11:51:05+00:00","dateModified":"2025-08-31T10:47:44+00:00","description":"Descubre los bocadillos m\u00e1s deliciosos de O'Donnell. Desde cl\u00e1sicos hasta creaciones \u00fanicas, satisface tus antojos con nuestra variedad.","breadcrumb":{"@id":"https:\/\/torreznosmadrid.es\/bocadillos\/#breadcrumb"},"inLanguage":"en-GB","potentialAction":[{"@type":"ReadAction","target":["https:\/\/torreznosmadrid.es\/bocadillos\/"]}]},{"@type":"ImageObject","inLanguage":"en-GB","@id":"https:\/\/torreznosmadrid.es\/bocadillos\/#primaryimage","url":"https:\/\/torreznosmadrid.es\/wp-content\/uploads\/2024\/02\/bocatas-sanwhich-odonnell.jpg","contentUrl":"https:\/\/torreznosmadrid.es\/wp-content\/uploads\/2024\/02\/bocatas-sanwhich-odonnell.jpg","width":640,"height":960},{"@type":"BreadcrumbList","@id":"https:\/\/torreznosmadrid.es\/bocadillos\/#breadcrumb","itemListElement":[{"@type":"ListItem","position":1,"name":"Home","item":"https:\/\/torreznosmadrid.es\/"},{"@type":"ListItem","position":2,"name":"Bocadillos en O\u2019Donnell"}]},{"@type":"WebSite","@id":"https:\/\/torreznosmadrid.es\/#website","url":"https:\/\/torreznosmadrid.es\/","name":"Torreznos Madrid","description":"The best torreznos in Madrid","publisher":{"@id":"https:\/\/torreznosmadrid.es\/#organization"},"potentialAction":[{"@type":"SearchAction","target":{"@type":"EntryPoint","urlTemplate":"https:\/\/torreznosmadrid.es\/?s={search_term_string}"},"query-input":{"@type":"PropertyValueSpecification","valueRequired":true,"valueName":"search_term_string"}}],"inLanguage":"en-GB"},{"@type":"Organization","@id":"https:\/\/torreznosmadrid.es\/#organization","name":"Torreznos Madrid","url":"https:\/\/torreznosmadrid.es\/","logo":{"@type":"ImageObject","inLanguage":"en-GB","@id":"https:\/\/torreznosmadrid.es\/#\/schema\/logo\/image\/","url":"https:\/\/torreznosmadrid.es\/wp-content\/uploads\/2024\/03\/Torreznos-Madrid.webp","contentUrl":"https:\/\/torreznosmadrid.es\/wp-content\/uploads\/2024\/03\/Torreznos-Madrid.webp","width":414,"height":414,"caption":"Torreznos Madrid"},"image":{"@id":"https:\/\/torreznosmadrid.es\/#\/schema\/logo\/image\/"}}]}},"_links":{"self":[{"href":"https:\/\/torreznosmadrid.es\/en\/wp-json\/wp\/v2\/pages\/1569","targetHints":{"allow":["GET"]}}],"collection":[{"href":"https:\/\/torreznosmadrid.es\/en\/wp-json\/wp\/v2\/pages"}],"about":[{"href":"https:\/\/torreznosmadrid.es\/en\/wp-json\/wp\/v2\/types\/page"}],"author":[{"embeddable":true,"href":"https:\/\/torreznosmadrid.es\/en\/wp-json\/wp\/v2\/users\/1"}],"replies":[{"embeddable":true,"href":"https:\/\/torreznosmadrid.es\/en\/wp-json\/wp\/v2\/comments?post=1569"}],"version-history":[{"count":63,"href":"https:\/\/torreznosmadrid.es\/en\/wp-json\/wp\/v2\/pages\/1569\/revisions"}],"predecessor-version":[{"id":1779,"href":"https:\/\/torreznosmadrid.es\/en\/wp-json\/wp\/v2\/pages\/1569\/revisions\/1779"}],"wp:featuredmedia":[{"embeddable":true,"href":"https:\/\/torreznosmadrid.es\/en\/wp-json\/wp\/v2\/media\/1587"}],"wp:attachment":[{"href":"https:\/\/torreznosmadrid.es\/en\/wp-json\/wp\/v2\/media?parent=1569"}],"curies":[{"name":"wp","href":"https:\/\/api.w.org\/{rel}","templated":true}]}}