{"id":1785,"date":"2025-03-20T08:30:22","date_gmt":"2025-03-20T08:30:22","guid":{"rendered":"https:\/\/torreznosmadrid.es\/?page_id=1785"},"modified":"2025-03-20T09:37:38","modified_gmt":"2025-03-20T09:37:38","slug":"cafeteria","status":"publish","type":"page","link":"https:\/\/torreznosmadrid.es\/en\/cafeteria\/","title":{"rendered":"Cafeteria"},"content":{"rendered":"<h1>Los mejores caf\u00e9s de O&#8217;donnell<\/h1>\n<div>\n<p>Cafeter\u00eda Los Torreznos, tu punto de encuentro en O\u2019Donnel.<\/p>\n<p>Nuestro caf\u00e9 es cuidadosamente seleccionado para garantizar el mejor sabor, y nuestra carta incluye opciones para todos los gustos. Ya sea que vengas a trabajar, a leer o simplemente a desconectar, aqu\u00ed siempre encontrar\u00e1s un espacio c\u00f3modo y un trato cercano.<\/p>\n<\/div>\n<h2>Nuestros caf\u00e9s, infusiones y chocolates<\/h2>\n<div>A partir de las 06:00 de la ma\u00f1ana<\/div>\n<hr>\n<ul>\n<li>\n<h3>Caf\u00e9 descafeinado con leche<\/h3>\n<p>1,80<\/p>\n<\/li>\n<li>\n<h3>Caf\u00e9 solo<\/h3>\n<p>1,80<\/p>\n<\/li>\n<li>\n<h3>Caf\u00e9 doble<\/h3>\n<p>2,60<\/p>\n<\/li>\n<li>\n<h3>Caf\u00e9 con leche<\/h3>\n<p>1,80<\/p>\n<\/li>\n<li>\n<h3>Infusiones en pir\u00e1mide<\/h3>\n<p>1.80<\/p>\n<\/li>\n<li>\n<h3>Chocolate<\/h3>\n<p>2,80<\/p>\n<\/li>\n<li>\n<h3>Carajillo<\/h3>\n<p>3.20<\/p>\n<\/li>\n<li>\n<h3>Cola cao<\/h3>\n<p>1,80<\/p>\n<\/li>\n<li>\n<h3>Caf\u00e9 y barrita con Jam\u00f3n<\/h3>\n<p>5,20<\/p>\n<\/li>\n<li>\n<h3>Caf\u00e9 y barrita jam\u00f3n ib\u00e9rico<\/h3>\n<p>6,00<\/p>\n<\/li>\n<li>\n<h3>Caf\u00e9 para llevar<\/h3>\n<p>1,90<\/p>\n<\/li>\n<\/ul>\n<h2>cont\u00e1ctanos<\/h2>\n<div>\n<p>Nos encontramos en el coraz\u00f3n de O\u2019Donnell, con f\u00e1cil acceso y un ambiente inmejorable. Ven a visitarnos y entra en tu cafeter\u00eda favorita de O\u2019Donnell.<\/p>\n<\/div>\n<h3>tel\u00e9fono<\/h3>\n<div><a class=\"uk-link-reset\" href=\"tel:+445555555555\">+34 915 74 54 01<\/a><\/div>\n<h3>Email<\/h3>\n<div><a class=\"uk-link-reset\" href=\"mailto:gastrogredos@gmail.com\">gastrogredos@gmail.com<\/a><\/div>\n<div>Esq, Calle de O&#8217;Donnell, 63<br \/> Local D, 28009 Madrid<\/div>\n<div>\n<p>40.38983665391733,-3.6438021655060675<\/p>\n<h3>Ubicaci\u00f3n Torreznos Madrid<\/h3>\n<div>\n<p>Esq, Calle de O&#8217;Donnell, 63<br \/> <br \/>\nLocal D, 28009 Madrid, Espa\u00f1a<\/p>\n<p><a href=\"mailto:gastrogredos@gmail.com\">gastrogredos@gmail.com<\/a><br \/>\n<a class=\"uk-link-reset\" href=\"tel:+44(0)5555555555\">+34 915 74 54 01<\/a><\/p>\n<\/div>\n<p><a href=\"https:\/\/www.google.com\/maps\/place\/Los+Torreznos\/@40.3865177,-3.6634625,12z\/data=!4m10!1m2!2m1!1storreznos+madrid!3m6!1s0xd4229ecdf805995:0x18552cf73ce3dd14!8m2!3d40.4214693!4d-3.6692036!15sChB0b3JyZXpub3MgbWFkcmlkIgOIAQFaEiIQdG9ycmV6bm9zIG1hZHJpZJIBCXRhcGFzX2JhcuABAA!16s%2Fg%2F11f5_6wy0v?entry=ttu\">Ver en maps<\/a><\/p>\n<\/div>\n<ul>\n<li>\n        <a href=\"https:\/\/www.instagram.com\/\">S\u00edguenos en instagram<\/a>\n    <\/li>\n<li>\n        <a href=\"https:\/\/www.facebook.com\/profile.php?id=100070503174517\">S\u00edguenos en facebook<\/a>\n    <\/li>\n<li>\n        <a href=\"https:\/\/www.twitter.com\/\">S\u00edguenos en Twitter<\/a>\n    <\/li>\n<\/ul>\n<p><!--more--><br \/>\n<!-- {\"name\":\"About\",\"type\":\"layout\",\"children\":[{\"name\":\"Menu\",\"type\":\"section\",\"props\":{\"animation\":\"fade\",\"html_element\":\"section\",\"image\":\"wp-content\\\/uploads\\\/2025\\\/03\\\/cafeteria-en-odonnell.webp\",\"image_effect\":\"fixed\",\"image_fixed\":true,\"image_loading\":true,\"image_position\":\"center-center\",\"image_size\":\"cover\",\"image_width\":\"1920\",\"padding\":\"large\",\"padding_remove_top\":false,\"style\":\"default\",\"title_breakpoint\":\"xl\",\"title_position\":\"top-left\",\"title_rotation\":\"left\",\"vertical_align\":\"\",\"width\":\"default\"},\"children\":[{\"type\":\"row\",\"children\":[{\"type\":\"column\",\"props\":{\"image_position\":\"center-center\",\"padding\":\"large\",\"position_sticky_breakpoint\":\"m\",\"style\":\"tile-default\",\"width_medium\":\"1-1\"},\"children\":[{\"type\":\"headline\",\"props\":{\"content\":\"Los mejores caf\\u00e9s de O'donnell\",\"text_align\":\"center\",\"title_element\":\"h1\",\"title_style\":\"h2\"}},{\"type\":\"text\",\"props\":{\"block_align\":\"center\",\"column_breakpoint\":\"m\",\"content\":\"\n\n<p>Cafeter\\u00eda Los Torreznos, tu punto de encuentro en O\\u2019Donnel.<\\\/p>\\n\n\n<p>Nuestro caf\\u00e9 es cuidadosamente seleccionado para garantizar el mejor sabor, y nuestra carta incluye opciones para todos los gustos. Ya sea que vengas a trabajar, a leer o simplemente a desconectar, aqu\\u00ed siempre encontrar\\u00e1s un espacio c\\u00f3modo y un trato cercano.<\\\/p>\",\"margin\":\"large\",\"margin_remove_top\":true,\"maxwidth\":\"xlarge\",\"text_align\":\"center\"}},{\"type\":\"headline\",\"props\":{\"content\":\"Nuestros caf\\u00e9s, infusiones y chocolates\",\"margin\":\"small\",\"margin_remove_bottom\":false,\"margin_remove_top\":false,\"text_align\":\"center\",\"title_element\":\"h2\",\"title_style\":\"h3\"}},{\"type\":\"text\",\"props\":{\"column_breakpoint\":\"m\",\"content\":\"A partir de las 06:00 de la ma\\u00f1ana\",\"margin\":\"\",\"margin_remove_bottom\":false,\"text_align\":\"center\"}},{\"type\":\"divider\",\"props\":{\"divider_align\":\"center\",\"divider_element\":\"hr\",\"divider_style\":\"small\"}},{\"type\":\"description_list\",\"props\":{\"block_align\":\"center\",\"column_breakpoint\":\"m\",\"layout\":\"grid-2-m\",\"list_element\":\"ul\",\"list_size\":\"large\",\"margin\":\"large\",\"maxwidth\":\"xlarge\",\"meta_align\":\"bottom\",\"meta_color\":\"primary\",\"meta_style\":\"\",\"show_content\":true,\"show_link\":true,\"show_meta\":true,\"show_title\":true,\"title_element\":\"div\",\"title_grid_column_gap\":\"small\",\"title_grid_row_gap\":\"small\",\"title_grid_width\":\"expand\",\"title_leader\":true},\"children\":[{\"type\":\"description_list_item\",\"props\":{\"content\":\"\",\"meta\":\"1,80\",\"title\":\"Caf\\u00e9 descafeinado con leche\"}},{\"type\":\"description_list_item\",\"props\":{\"content\":\"\",\"meta\":\"1,80\",\"title\":\"Caf\\u00e9 solo\"}},{\"type\":\"description_list_item\",\"props\":{\"content\":\"\",\"meta\":\"2,60\",\"title\":\"Caf\\u00e9 doble\"}},{\"type\":\"description_list_item\",\"props\":{\"content\":\"\",\"meta\":\"1,80\",\"title\":\"Caf\\u00e9 con leche\"}},{\"type\":\"description_list_item\",\"props\":{\"content\":\"\",\"meta\":\"1.80\",\"title\":\"Infusiones en pir\\u00e1mide\"}},{\"type\":\"description_list_item\",\"props\":{\"content\":\"\",\"meta\":\"2,80\",\"title\":\"Chocolate\"}},{\"type\":\"description_list_item\",\"props\":{\"content\":\"\",\"meta\":\"3.20\",\"title\":\"Carajillo\"}},{\"type\":\"description_list_item\",\"props\":{\"content\":\"\",\"meta\":\"1,80\",\"title\":\"Cola cao\"}},{\"type\":\"description_list_item\",\"props\":{\"content\":\"\",\"meta\":\"5,20\",\"title\":\"Caf\\u00e9 y barrita con Jam\\u00f3n\"}},{\"type\":\"description_list_item\",\"props\":{\"content\":\"\",\"meta\":\"6,00\",\"title\":\"Caf\\u00e9 y barrita jam\\u00f3n ib\\u00e9rico\"}},{\"type\":\"description_list_item\",\"props\":{\"content\":\"\",\"meta\":\"1,90\",\"title\":\"Caf\\u00e9 para llevar\"}}]}]}]}]},{\"name\":\"ContactMapa\",\"type\":\"section\",\"props\":{\"animation\":\"fade\",\"html_element\":\"section\",\"image_position\":\"center-center\",\"padding\":\"large\",\"padding_remove_bottom\":false,\"style\":\"default\",\"title_breakpoint\":\"xl\",\"title_position\":\"top-left\",\"title_rotation\":\"left\",\"vertical_align\":\"\",\"width\":\"default\"},\"children\":[{\"type\":\"row\",\"children\":[{\"type\":\"column\",\"props\":{\"image_position\":\"center-center\",\"position_sticky_breakpoint\":\"m\",\"width_medium\":\"1-1\"},\"children\":[{\"type\":\"headline\",\"props\":{\"content\":\"cont\\u00e1ctanos\",\"text_align\":\"center\",\"title_element\":\"h2\"}}]}]},{\"type\":\"row\",\"props\":{\"width\":\"small\"},\"children\":[{\"type\":\"column\",\"props\":{\"image_position\":\"center-center\",\"position_sticky_breakpoint\":\"m\",\"width_medium\":\"1-1\"},\"children\":[{\"type\":\"text\",\"props\":{\"block_align\":\"center\",\"column_breakpoint\":\"m\",\"content\":\"\n\n<p>Nos encontramos en el coraz\\u00f3n de O\\u2019Donnell, con f\\u00e1cil acceso y un ambiente inmejorable. Ven a visitarnos y entra en tu cafeter\\u00eda favorita de O\\u2019Donnell.<\\\/p>\",\"margin\":\"default\",\"maxwidth\":\"xlarge\",\"text_align\":\"center\"}}]}]},{\"type\":\"row\",\"props\":{\"divider\":true,\"layout\":\"1-2,1-2\",\"margin\":\"large\",\"width\":\"small\"},\"children\":[{\"type\":\"column\",\"props\":{\"image_position\":\"center-center\",\"position_sticky_breakpoint\":\"m\",\"width_small\":\"1-2\"},\"children\":[{\"type\":\"headline\",\"props\":{\"content\":\"tel\\u00e9fono\",\"text_align\":\"center\",\"title_color\":\"primary\",\"title_element\":\"h3\",\"title_style\":\"h6\"}},{\"type\":\"text\",\"props\":{\"column_breakpoint\":\"m\",\"content\":\"<a class=\\\"uk-link-reset\\\" href=\\\"tel:+445555555555\\\">+34 915 74 54 01<\\\/a>\",\"margin\":\"default\",\"text_align\":\"center\",\"text_style\":\"large\"}}]},{\"type\":\"column\",\"props\":{\"image_position\":\"center-center\",\"position_sticky_breakpoint\":\"m\",\"width_small\":\"1-2\"},\"children\":[{\"type\":\"headline\",\"props\":{\"content\":\"Email\",\"text_align\":\"center\",\"title_color\":\"primary\",\"title_element\":\"h3\",\"title_style\":\"h6\"}},{\"type\":\"text\",\"props\":{\"column_breakpoint\":\"m\",\"content\":\"<a class=\\\"uk-link-reset\\\" href=\\\"mailto:gastrogredos@gmail.com\\\">gastrogredos@gmail.com<\\\/a>\",\"margin\":\"default\",\"text_align\":\"center\",\"text_style\":\"large\"}}]}]},{\"type\":\"row\",\"props\":{\"html_element\":\"address\",\"margin\":\"large\"},\"children\":[{\"type\":\"column\",\"props\":{\"image_position\":\"center-center\",\"position_sticky_breakpoint\":\"m\",\"width_medium\":\"1-1\"},\"children\":[{\"type\":\"text\",\"props\":{\"block_align\":\"center\",\"column_breakpoint\":\"m\",\"content\":\"Esq, Calle de O'Donnell, 63<br \/> Local D, 28009 Madrid\",\"margin\":\"default\",\"maxwidth\":\"medium\",\"text_align\":\"center\",\"text_style\":\"lead\"}},{\"type\":\"map\",\"props\":{\"controls\":true,\"dragging\":false,\"height\":\"435\",\"image_svg_color\":\"emphasis\",\"link_style\":\"default\",\"link_text\":\"Read more\",\"margin\":\"large\",\"margin_remove_bottom\":false,\"max_zoom\":18,\"meta_align\":\"below-title\",\"meta_element\":\"div\",\"meta_style\":\"text-meta\",\"min_zoom\":0,\"poi\":false,\"popup_max_width\":\"200\",\"show_content\":true,\"show_image\":true,\"show_link\":true,\"show_meta\":true,\"show_title\":true,\"styler_gamma\":\"0.3\",\"styler_invert_lightness\":false,\"styler_lightness\":\"90\",\"styler_saturation\":\"-100\",\"title_element\":\"h3\",\"title_hover_style\":\"reset\",\"type\":\"roadmap\",\"zoom\":\"16\",\"zooming\":false},\"children\":[{\"type\":\"map_item\",\"props\":{\"content\":\"\n\n<p>Esq, Calle de O'Donnell, 63<br \/> \\nLocal D, 28009 Madrid, Espa\\u00f1a<\\\/p>\\n\n\n<p><a href=\\\"mailto:gastrogredos@gmail.com\\\">gastrogredos@gmail.com<\\\/a><br \/>\\n<a class=\\\"uk-link-reset\\\" href=\\\"tel:+44(0)5555555555\\\">+34 915 74 54 01<\\\/a><\\\/p>\",\"link\":\"https:\\\/\\\/www.google.com\\\/maps\\\/place\\\/Los+Torreznos\\\/@40.3865177,-3.6634625,12z\\\/data=!4m10!1m2!2m1!1storreznos+madrid!3m6!1s0xd4229ecdf805995:0x18552cf73ce3dd14!8m2!3d40.4214693!4d-3.6692036!15sChB0b3JyZXpub3MgbWFkcmlkIgOIAQFaEiIQdG9ycmV6bm9zIG1hZHJpZJIBCXRhcGFzX2JhcuABAA!16s%2Fg%2F11f5_6wy0v?entry=ttu\",\"link_text\":\"Ver en maps\",\"location\":\"40.38983665391733,-3.6438021655060675\",\"title\":\"Ubicaci\\u00f3n Torreznos Madrid\"}}]},{\"type\":\"button\",\"props\":{\"button_size\":\"large\",\"grid_column_gap\":\"\",\"grid_row_gap\":\"\",\"margin\":\"\",\"text_align\":\"center\"},\"children\":[{\"type\":\"button_item\",\"props\":{\"button_style\":\"default\",\"content\":\"S\\u00edguenos en instagram\",\"icon\":\"instagram\",\"icon_align\":\"left\",\"link\":\"https:\\\/\\\/www.instagram.com\\\/\",\"link_aria_label\":\"S\\u00edguenos en instagram\",\"link_target\":\"blank\"}},{\"type\":\"button_item\",\"props\":{\"button_style\":\"default\",\"content\":\"S\\u00edguenos en facebook\",\"icon\":\"facebook\",\"icon_align\":\"left\",\"link\":\"https:\\\/\\\/www.facebook.com\\\/profile.php?id=100070503174517\",\"link_aria_label\":\"S\\u00edguenos en facebook\",\"link_target\":\"blank\"}},{\"type\":\"button_item\",\"props\":{\"button_style\":\"default\",\"content\":\"S\\u00edguenos en Twitter\",\"icon\":\"twitter\",\"icon_align\":\"left\",\"link\":\"https:\\\/\\\/www.twitter.com\\\/\",\"link_aria_label\":\"S\\u00edguenos en facebook\",\"link_target\":\"blank\"}}]}]}]}]}],\"version\":\"4.4.18\"} --><\/p>\n","protected":false},"excerpt":{"rendered":"<p>Los mejores caf\u00e9s de O&#8217;donnell Cafeter\u00eda Los Torreznos, tu punto de encuentro en O\u2019Donnel. Nuestro caf\u00e9 es cuidadosamente seleccionado para garantizar el mejor sabor, y nuestra carta incluye opciones para todos los gustos. Ya sea que vengas a trabajar, a leer o simplemente a desconectar, aqu\u00ed siempre encontrar\u00e1s un espacio c\u00f3modo y un trato cercano. [&hellip;]<\/p>\n","protected":false},"author":1,"featured_media":0,"parent":0,"menu_order":6,"comment_status":"open","ping_status":"open","template":"","meta":{"_acf_changed":false,"footnotes":""},"class_list":["post-1785","page","type-page","status-publish","hentry"],"acf":[],"yoast_head":"<!-- This site is optimized with the Yoast SEO plugin v27.4 - https:\/\/yoast.com\/product\/yoast-seo-wordpress\/ -->\n<title>Cafeter\u00eda - Torreznos Madrid O&#039;Donnell<\/title>\n<meta name=\"description\" content=\"En Cafeter\u00eda Los Torreznos combinamos tradici\u00f3n y calidad para ofrecerte una experiencia \u00fanica. Nuestro caf\u00e9 esta cuidadosamente seleccionado\" \/>\n<meta name=\"robots\" content=\"index, follow, max-snippet:-1, max-image-preview:large, max-video-preview:-1\" \/>\n<link rel=\"canonical\" href=\"https:\/\/torreznosmadrid.es\/en\/cafeteria\/\" \/>\n<meta property=\"og:locale\" content=\"en_GB\" \/>\n<meta property=\"og:type\" content=\"article\" \/>\n<meta property=\"og:title\" content=\"Cafeter\u00eda - Torreznos Madrid O&#039;Donnell\" \/>\n<meta property=\"og:description\" content=\"En Cafeter\u00eda Los Torreznos combinamos tradici\u00f3n y calidad para ofrecerte una experiencia \u00fanica. Nuestro caf\u00e9 esta cuidadosamente seleccionado\" \/>\n<meta property=\"og:url\" content=\"https:\/\/torreznosmadrid.es\/en\/cafeteria\/\" \/>\n<meta property=\"og:site_name\" content=\"Torreznos Madrid\" \/>\n<meta property=\"article:modified_time\" content=\"2025-03-20T09:37:38+00:00\" \/>\n<meta name=\"twitter:card\" content=\"summary_large_image\" \/>\n<meta name=\"twitter:label1\" content=\"Estimated reading time\" \/>\n\t<meta name=\"twitter:data1\" content=\"1 minute\" \/>\n<script type=\"application\/ld+json\" class=\"yoast-schema-graph\">{\"@context\":\"https:\\\/\\\/schema.org\",\"@graph\":[{\"@type\":\"WebPage\",\"@id\":\"https:\\\/\\\/torreznosmadrid.es\\\/cafeteria\\\/\",\"url\":\"https:\\\/\\\/torreznosmadrid.es\\\/cafeteria\\\/\",\"name\":\"Cafeter\u00eda - Torreznos Madrid O'Donnell\",\"isPartOf\":{\"@id\":\"https:\\\/\\\/torreznosmadrid.es\\\/#website\"},\"datePublished\":\"2025-03-20T08:30:22+00:00\",\"dateModified\":\"2025-03-20T09:37:38+00:00\",\"description\":\"En Cafeter\u00eda Los Torreznos combinamos tradici\u00f3n y calidad para ofrecerte una experiencia \u00fanica. Nuestro caf\u00e9 esta cuidadosamente seleccionado\",\"breadcrumb\":{\"@id\":\"https:\\\/\\\/torreznosmadrid.es\\\/cafeteria\\\/#breadcrumb\"},\"inLanguage\":\"en-GB\",\"potentialAction\":[{\"@type\":\"ReadAction\",\"target\":[\"https:\\\/\\\/torreznosmadrid.es\\\/cafeteria\\\/\"]}]},{\"@type\":\"BreadcrumbList\",\"@id\":\"https:\\\/\\\/torreznosmadrid.es\\\/cafeteria\\\/#breadcrumb\",\"itemListElement\":[{\"@type\":\"ListItem\",\"position\":1,\"name\":\"Home\",\"item\":\"https:\\\/\\\/torreznosmadrid.es\\\/\"},{\"@type\":\"ListItem\",\"position\":2,\"name\":\"Cafeter\u00eda\"}]},{\"@type\":\"WebSite\",\"@id\":\"https:\\\/\\\/torreznosmadrid.es\\\/#website\",\"url\":\"https:\\\/\\\/torreznosmadrid.es\\\/\",\"name\":\"Torreznos Madrid\",\"description\":\"Los mejores torreznos de Madrid\",\"publisher\":{\"@id\":\"https:\\\/\\\/torreznosmadrid.es\\\/#organization\"},\"potentialAction\":[{\"@type\":\"SearchAction\",\"target\":{\"@type\":\"EntryPoint\",\"urlTemplate\":\"https:\\\/\\\/torreznosmadrid.es\\\/?s={search_term_string}\"},\"query-input\":{\"@type\":\"PropertyValueSpecification\",\"valueRequired\":true,\"valueName\":\"search_term_string\"}}],\"inLanguage\":\"en-GB\"},{\"@type\":\"Organization\",\"@id\":\"https:\\\/\\\/torreznosmadrid.es\\\/#organization\",\"name\":\"Torreznos Madrid\",\"url\":\"https:\\\/\\\/torreznosmadrid.es\\\/\",\"logo\":{\"@type\":\"ImageObject\",\"inLanguage\":\"en-GB\",\"@id\":\"https:\\\/\\\/torreznosmadrid.es\\\/#\\\/schema\\\/logo\\\/image\\\/\",\"url\":\"https:\\\/\\\/torreznosmadrid.es\\\/wp-content\\\/uploads\\\/2024\\\/03\\\/Torreznos-Madrid.webp\",\"contentUrl\":\"https:\\\/\\\/torreznosmadrid.es\\\/wp-content\\\/uploads\\\/2024\\\/03\\\/Torreznos-Madrid.webp\",\"width\":414,\"height\":414,\"caption\":\"Torreznos Madrid\"},\"image\":{\"@id\":\"https:\\\/\\\/torreznosmadrid.es\\\/#\\\/schema\\\/logo\\\/image\\\/\"}}]}<\/script>\n<!-- \/ Yoast SEO plugin. -->","yoast_head_json":{"title":"Cafeter\u00eda - Torreznos Madrid O'Donnell","description":"En Cafeter\u00eda Los Torreznos combinamos tradici\u00f3n y calidad para ofrecerte una experiencia \u00fanica. Nuestro caf\u00e9 esta cuidadosamente seleccionado","robots":{"index":"index","follow":"follow","max-snippet":"max-snippet:-1","max-image-preview":"max-image-preview:large","max-video-preview":"max-video-preview:-1"},"canonical":"https:\/\/torreznosmadrid.es\/en\/cafeteria\/","og_locale":"en_GB","og_type":"article","og_title":"Cafeter\u00eda - Torreznos Madrid O'Donnell","og_description":"En Cafeter\u00eda Los Torreznos combinamos tradici\u00f3n y calidad para ofrecerte una experiencia \u00fanica. Nuestro caf\u00e9 esta cuidadosamente seleccionado","og_url":"https:\/\/torreznosmadrid.es\/en\/cafeteria\/","og_site_name":"Torreznos Madrid","article_modified_time":"2025-03-20T09:37:38+00:00","twitter_card":"summary_large_image","twitter_misc":{"Estimated reading time":"1 minute"},"schema":{"@context":"https:\/\/schema.org","@graph":[{"@type":"WebPage","@id":"https:\/\/torreznosmadrid.es\/cafeteria\/","url":"https:\/\/torreznosmadrid.es\/cafeteria\/","name":"Cafeter\u00eda - Torreznos Madrid O'Donnell","isPartOf":{"@id":"https:\/\/torreznosmadrid.es\/#website"},"datePublished":"2025-03-20T08:30:22+00:00","dateModified":"2025-03-20T09:37:38+00:00","description":"En Cafeter\u00eda Los Torreznos combinamos tradici\u00f3n y calidad para ofrecerte una experiencia \u00fanica. Nuestro caf\u00e9 esta cuidadosamente seleccionado","breadcrumb":{"@id":"https:\/\/torreznosmadrid.es\/cafeteria\/#breadcrumb"},"inLanguage":"en-GB","potentialAction":[{"@type":"ReadAction","target":["https:\/\/torreznosmadrid.es\/cafeteria\/"]}]},{"@type":"BreadcrumbList","@id":"https:\/\/torreznosmadrid.es\/cafeteria\/#breadcrumb","itemListElement":[{"@type":"ListItem","position":1,"name":"Home","item":"https:\/\/torreznosmadrid.es\/"},{"@type":"ListItem","position":2,"name":"Cafeter\u00eda"}]},{"@type":"WebSite","@id":"https:\/\/torreznosmadrid.es\/#website","url":"https:\/\/torreznosmadrid.es\/","name":"Torreznos Madrid","description":"The best torreznos in Madrid","publisher":{"@id":"https:\/\/torreznosmadrid.es\/#organization"},"potentialAction":[{"@type":"SearchAction","target":{"@type":"EntryPoint","urlTemplate":"https:\/\/torreznosmadrid.es\/?s={search_term_string}"},"query-input":{"@type":"PropertyValueSpecification","valueRequired":true,"valueName":"search_term_string"}}],"inLanguage":"en-GB"},{"@type":"Organization","@id":"https:\/\/torreznosmadrid.es\/#organization","name":"Torreznos Madrid","url":"https:\/\/torreznosmadrid.es\/","logo":{"@type":"ImageObject","inLanguage":"en-GB","@id":"https:\/\/torreznosmadrid.es\/#\/schema\/logo\/image\/","url":"https:\/\/torreznosmadrid.es\/wp-content\/uploads\/2024\/03\/Torreznos-Madrid.webp","contentUrl":"https:\/\/torreznosmadrid.es\/wp-content\/uploads\/2024\/03\/Torreznos-Madrid.webp","width":414,"height":414,"caption":"Torreznos Madrid"},"image":{"@id":"https:\/\/torreznosmadrid.es\/#\/schema\/logo\/image\/"}}]}},"_links":{"self":[{"href":"https:\/\/torreznosmadrid.es\/en\/wp-json\/wp\/v2\/pages\/1785","targetHints":{"allow":["GET"]}}],"collection":[{"href":"https:\/\/torreznosmadrid.es\/en\/wp-json\/wp\/v2\/pages"}],"about":[{"href":"https:\/\/torreznosmadrid.es\/en\/wp-json\/wp\/v2\/types\/page"}],"author":[{"embeddable":true,"href":"https:\/\/torreznosmadrid.es\/en\/wp-json\/wp\/v2\/users\/1"}],"replies":[{"embeddable":true,"href":"https:\/\/torreznosmadrid.es\/en\/wp-json\/wp\/v2\/comments?post=1785"}],"version-history":[{"count":19,"href":"https:\/\/torreznosmadrid.es\/en\/wp-json\/wp\/v2\/pages\/1785\/revisions"}],"predecessor-version":[{"id":1808,"href":"https:\/\/torreznosmadrid.es\/en\/wp-json\/wp\/v2\/pages\/1785\/revisions\/1808"}],"wp:attachment":[{"href":"https:\/\/torreznosmadrid.es\/en\/wp-json\/wp\/v2\/media?parent=1785"}],"curies":[{"name":"wp","href":"https:\/\/api.w.org\/{rel}","templated":true}]}}