{"id":19,"date":"2025-07-24T14:27:43","date_gmt":"2025-07-24T14:27:43","guid":{"rendered":"https:\/\/torreznosmadrid.es\/?p=19"},"modified":"2025-08-31T10:46:23","modified_gmt":"2025-08-31T10:46:23","slug":"contacto","status":"publish","type":"page","link":"https:\/\/torreznosmadrid.es\/en\/contacto\/","title":{"rendered":"Contact"},"content":{"rendered":"<h1>Estamos en O&#8217;Donnell <br \/> \u00a1Te esperamos!<\/h1>\n<div>Puedes contactar con nosotros para reservar, prepararte un pedido a recoger o para decirnos lo buenos que est\u00e1n nuestros torreznos.<\/div>\n<p>\n    <a href=\"mailto:gastrogredos@gmail.com\">Escr\u00edbenos<\/a>\n<\/p>\n<h2>Cont\u00e1ctanos<\/h2>\n<div>Los torreznos Madrid<br \/>\nEsq, Calle de O&#8217;Donnell, 63, Local D, 28009 Madrid<\/div>\n<ul>\n<li>\n<h3>Tel\u00e9fono<\/h3>\n<div>\n<p><a class=\"uk-link-reset\" href=\"tel:+34915745401\"><strong>+34 915 74 54 01<\/strong><\/a><\/p>\n<\/div>\n<\/li>\n<li>\n<h3>Email<\/h3>\n<div><a class=\"uk-link-reset\" href=\"mailto:gastrogredos@gmail.com\">gastrogredos@gmail.com<\/a><\/div>\n<\/li>\n<\/ul>\n<h2>Horarios<\/h2>\n<ul>\n<li>\n<h3>Lun &#8211; S\u00e1b<\/h3>\n<div>06 am &#8211; 00.00 pm<\/div>\n<\/li>\n<li>\n<h3>Domingos<\/h3>\n<div>\n<p style=\"color: #ff0000;\">Cerrado<\/p>\n<\/div>\n<\/li>\n<\/ul>\n<h2>Ll\u00e1ma para reservar<\/h2>\n<div><a class=\"uk-link-reset\" href=\"tel:+34915745401\">+34 915 74 54 01<\/a><\/div>\n<div>\n<p>40.421425503508154,-3.6693472171014965<\/p>\n<h3>Mapa los torreznos<\/h3>\n<div>\n<p>Esq, Calle de O&#8217;Donnell, 63<br \/> <br \/>\nLocal D, 28009 Madrid<\/p>\n<p><a href=\"mailto:gastrogredos@gmail.com\">gastrogredos@gmail.com<\/a><br \/>\n<a class=\"uk-link-reset\" href=\"tel:+34 915 74 54 01\">+34 915 74 54 01<\/a><\/p>\n<\/div>\n<\/div>\n<p><!--more--><br \/>\n<!-- {\"name\":\"Services\",\"type\":\"layout\",\"children\":[{\"name\":\"Image\",\"type\":\"section\",\"props\":{\"css\":\".el-section > [class*='uk-background-'] { min-height: 40vh; }\",\"height_viewport\":false,\"image\":\"wp-content\\\/uploads\\\/yootheme\\\/contact-hero-bg.jpg\",\"image_effect\":\"fixed\",\"image_fixed\":true,\"image_loading\":true,\"image_position\":\"center-center\",\"image_size\":\"cover\",\"image_width\":\"2560\",\"padding\":\"large\",\"preserve_color\":false,\"style\":\"default\",\"text_color\":\"light\",\"title_breakpoint\":\"xl\",\"title_position\":\"top-left\",\"title_rotation\":\"left\",\"vertical_align\":\"\",\"width\":\"default\"},\"children\":[{\"type\":\"row\",\"children\":[{\"type\":\"column\",\"props\":{\"image_position\":\"center-center\",\"position_sticky_breakpoint\":\"m\",\"width_medium\":\"1-1\"}}]}]},{\"name\":\"Contact\",\"type\":\"section\",\"props\":{\"animation\":\"fade\",\"image_position\":\"center-center\",\"image_size\":\"cover\",\"media\":\"images\\\/demo\\\/demo-image_01.jpg\",\"padding\":\"large\",\"padding_remove_bottom\":false,\"style\":\"default\",\"title_breakpoint\":\"xl\",\"title_position\":\"top-left\",\"title_rotation\":\"left\",\"vertical_align\":\"\",\"width\":\"default\"},\"children\":[{\"type\":\"row\",\"children\":[{\"type\":\"column\",\"props\":{\"image_position\":\"center-center\",\"position_sticky_breakpoint\":\"m\",\"width_medium\":\"1-1\"},\"children\":[{\"type\":\"headline\",\"props\":{\"content\":\"Estamos en O'Donnell <br \/> \\u00a1Te esperamos!\",\"maxwidth\":\"2xlarge\",\"text_align\":\"left\",\"title_element\":\"h1\",\"title_style\":\"h2\"}},{\"type\":\"divider\",\"props\":{\"divider_element\":\"div\",\"divider_style\":\"small\"}},{\"type\":\"text\",\"props\":{\"column_breakpoint\":\"m\",\"content\":\"Puedes contactar con nosotros para reservar, prepararte un pedido a recoger o para decirnos lo buenos que est\\u00e1n nuestros torreznos.\",\"margin\":\"medium\",\"maxwidth\":\"xlarge\",\"text_align\":\"left\"}},{\"type\":\"button\",\"props\":{\"grid_column_gap\":\"small\",\"grid_row_gap\":\"small\",\"margin\":\"default\"},\"children\":[{\"type\":\"button_item\",\"props\":{\"button_style\":\"default\",\"content\":\"Escr\\u00edbenos\",\"icon\":\"file-edit\",\"icon_align\":\"left\",\"link\":\"mailto:gastrogredos@gmail.com\",\"link_aria_label\":\"Mail Los torreznos Madrid\",\"link_title\":\"Mail Los torreznos Madrid\"}}]}]}]},{\"type\":\"row\",\"props\":{\"column_gap\":\"large\",\"layout\":\"1-3,1-3,1-3\",\"margin\":\"xlarge\",\"row_gap\":\"large\",\"width\":\"default\"},\"children\":[{\"type\":\"column\",\"props\":{\"image_position\":\"center-center\",\"position_sticky_breakpoint\":\"m\",\"width_medium\":\"1-3\"},\"children\":[{\"type\":\"headline\",\"props\":{\"content\":\"Cont\\u00e1ctanos\",\"margin\":\"medium\",\"margin_remove_bottom\":true,\"title_decoration\":\"divider\",\"title_element\":\"h2\",\"title_style\":\"h4\"}},{\"type\":\"text\",\"props\":{\"column_breakpoint\":\"m\",\"content\":\"Los torreznos Madrid<br \/>\\nEsq, Calle de O'Donnell, 63, Local D, 28009 Madrid\",\"margin\":\"default\",\"text_align\":\"left\"}},{\"type\":\"description_list\",\"props\":{\"column_breakpoint\":\"m\",\"layout\":\"grid-2\",\"list_element\":\"ul\",\"meta_align\":\"below-content\",\"meta_style\":\"text-meta\",\"show_content\":true,\"show_link\":true,\"show_meta\":true,\"show_title\":true,\"title_element\":\"div\",\"title_grid_column_gap\":\"small\",\"title_grid_row_gap\":\"small\",\"title_grid_width\":\"small\"},\"children\":[{\"type\":\"description_list_item\",\"props\":{\"content\":\"\n\n<p><a class=\\\"uk-link-reset\\\" href=\\\"tel:+34915745401\\\"><strong>+34 915 74 54 01<\\\/strong><\\\/a><\\\/p>\",\"title\":\"Tel\\u00e9fono\"}},{\"type\":\"description_list_item\",\"props\":{\"content\":\"<a class=\\\"uk-link-reset\\\" href=\\\"mailto:gastrogredos@gmail.com\\\">gastrogredos@gmail.com<\\\/a>\",\"title\":\"Email\"}}]}]},{\"type\":\"column\",\"props\":{\"image_position\":\"center-center\",\"position_sticky_breakpoint\":\"m\",\"width_medium\":\"1-3\"},\"children\":[{\"type\":\"headline\",\"props\":{\"content\":\"Horarios\",\"margin\":\"medium\",\"margin_remove_bottom\":true,\"title_decoration\":\"divider\",\"title_element\":\"h2\",\"title_style\":\"h4\"}},{\"type\":\"description_list\",\"props\":{\"column_breakpoint\":\"m\",\"layout\":\"grid-2\",\"list_element\":\"ul\",\"meta_align\":\"below-content\",\"meta_style\":\"text-meta\",\"show_content\":true,\"show_link\":true,\"show_meta\":true,\"show_title\":true,\"title_element\":\"div\",\"title_grid_column_gap\":\"small\",\"title_grid_row_gap\":\"small\",\"title_grid_width\":\"small\"},\"children\":[{\"type\":\"description_list_item\",\"props\":{\"content\":\"06 am - 00.00 pm\",\"title\":\"Lun - S\\u00e1b\"}},{\"type\":\"description_list_item\",\"props\":{\"content\":\"\n\n<p style=\\\"color: #ff0000;\\\">Cerrado<\\\/p>\",\"title\":\"Domingos\"}}]}]},{\"type\":\"column\",\"props\":{\"image_position\":\"center-center\",\"position_sticky_breakpoint\":\"m\",\"width_medium\":\"1-3\"},\"children\":[{\"type\":\"headline\",\"props\":{\"content\":\"Ll\\u00e1ma para reservar\",\"margin_remove_bottom\":false,\"title_decoration\":\"divider\",\"title_element\":\"h2\",\"title_style\":\"h4\"}},{\"type\":\"text\",\"props\":{\"column_breakpoint\":\"m\",\"content\":\"<a class=\\\"uk-link-reset\\\" href=\\\"tel:+34915745401\\\">+34 915 74 54 01<\\\/a><br \/>\",\"margin\":\"remove-vertical\",\"margin_remove_bottom\":true}}]}]}]},{\"name\":\"Map\",\"type\":\"section\",\"props\":{\"image_position\":\"center-center\",\"padding\":\"none\",\"style\":\"default\",\"title_breakpoint\":\"xl\",\"title_position\":\"top-left\",\"title_rotation\":\"left\",\"vertical_align\":\"\",\"width\":\"\"},\"children\":[{\"type\":\"row\",\"children\":[{\"type\":\"column\",\"props\":{\"image_position\":\"center-center\",\"position_sticky_breakpoint\":\"m\",\"width_medium\":\"1-1\"},\"children\":[{\"type\":\"map\",\"props\":{\"controls\":false,\"dragging\":false,\"height\":\"600\",\"image_svg_color\":\"emphasis\",\"link_style\":\"default\",\"link_text\":\"Read more\",\"margin\":\"default\",\"max_zoom\":18,\"meta_align\":\"below-title\",\"meta_element\":\"div\",\"meta_style\":\"text-meta\",\"min_zoom\":0,\"poi\":false,\"show_content\":true,\"show_image\":true,\"show_link\":true,\"show_meta\":true,\"show_title\":true,\"styler_gamma\":\"0.3\",\"styler_lightness\":\"90\",\"styler_saturation\":\"-100\",\"title_element\":\"h3\",\"title_hover_style\":\"reset\",\"type\":\"roadmap\",\"zoom\":\"16\",\"zooming\":false},\"children\":[{\"type\":\"map_item\",\"props\":{\"content\":\"\n\n<p>Esq, Calle de O'Donnell, 63<br \/> \\nLocal D, 28009 Madrid<\\\/p>\\n\n\n<p><a href=\\\"mailto:gastrogredos@gmail.com\\\">gastrogredos@gmail.com<\\\/a><br \/>\\n<a class=\\\"uk-link-reset\\\" href=\\\"tel:+34 915 74 54 01\\\">+34 915 74 54 01<\\\/a><\\\/p>\",\"location\":\"40.421425503508154,-3.6693472171014965\",\"title\":\"Mapa los torreznos\"}}]}]}]}]}],\"version\":\"4.4.18\"} --><\/p>\n","protected":false},"excerpt":{"rendered":"<p>Estamos en O&#8217;Donnell \u00a1Te esperamos! Puedes contactar con nosotros para reservar, prepararte un pedido a recoger o para decirnos lo buenos que est\u00e1n nuestros torreznos. Escr\u00edbenos Cont\u00e1ctanos Los torreznos Madrid Esq, Calle de O&#8217;Donnell, 63, Local D, 28009 Madrid Tel\u00e9fono +34 915 74 54 01 Email gastrogredos@gmail.com Horarios Lun &#8211; S\u00e1b 06 am &#8211; 00.00 [&hellip;]<\/p>\n","protected":false},"author":1,"featured_media":0,"parent":0,"menu_order":2,"comment_status":"open","ping_status":"open","template":"","meta":{"_acf_changed":false,"footnotes":""},"class_list":["post-19","page","type-page","status-publish","hentry"],"acf":[],"yoast_head":"<!-- This site is optimized with the Yoast SEO plugin v27.4 - https:\/\/yoast.com\/product\/yoast-seo-wordpress\/ -->\n<title>Contacto - Torreznos Madrid<\/title>\n<meta name=\"description\" content=\"Puedes contactar con nosotros para reservar, prepararte un pedido a recoger o para decirnos lo buenos que est\u00e1n nuestros torreznos.\" \/>\n<meta name=\"robots\" content=\"index, follow, max-snippet:-1, max-image-preview:large, max-video-preview:-1\" \/>\n<link rel=\"canonical\" href=\"https:\/\/torreznosmadrid.es\/en\/contacto\/\" \/>\n<meta property=\"og:locale\" content=\"en_GB\" \/>\n<meta property=\"og:type\" content=\"article\" \/>\n<meta property=\"og:title\" content=\"Contacto - Torreznos Madrid\" \/>\n<meta property=\"og:description\" content=\"Puedes contactar con nosotros para reservar, prepararte un pedido a recoger o para decirnos lo buenos que est\u00e1n nuestros torreznos.\" \/>\n<meta property=\"og:url\" content=\"https:\/\/torreznosmadrid.es\/en\/contacto\/\" \/>\n<meta property=\"og:site_name\" content=\"Torreznos Madrid\" \/>\n<meta property=\"article:modified_time\" content=\"2025-08-31T10:46:23+00:00\" \/>\n<meta name=\"twitter:card\" content=\"summary_large_image\" \/>\n<meta name=\"twitter:label1\" content=\"Estimated reading time\" \/>\n\t<meta name=\"twitter:data1\" content=\"1 minute\" \/>\n<script type=\"application\/ld+json\" class=\"yoast-schema-graph\">{\"@context\":\"https:\\\/\\\/schema.org\",\"@graph\":[{\"@type\":\"WebPage\",\"@id\":\"https:\\\/\\\/torreznosmadrid.es\\\/contacto\\\/\",\"url\":\"https:\\\/\\\/torreznosmadrid.es\\\/contacto\\\/\",\"name\":\"Contacto - Torreznos Madrid\",\"isPartOf\":{\"@id\":\"https:\\\/\\\/torreznosmadrid.es\\\/#website\"},\"datePublished\":\"2025-07-24T14:27:43+00:00\",\"dateModified\":\"2025-08-31T10:46:23+00:00\",\"description\":\"Puedes contactar con nosotros para reservar, prepararte un pedido a recoger o para decirnos lo buenos que est\u00e1n nuestros torreznos.\",\"breadcrumb\":{\"@id\":\"https:\\\/\\\/torreznosmadrid.es\\\/contacto\\\/#breadcrumb\"},\"inLanguage\":\"en-GB\",\"potentialAction\":[{\"@type\":\"ReadAction\",\"target\":[\"https:\\\/\\\/torreznosmadrid.es\\\/contacto\\\/\"]}]},{\"@type\":\"BreadcrumbList\",\"@id\":\"https:\\\/\\\/torreznosmadrid.es\\\/contacto\\\/#breadcrumb\",\"itemListElement\":[{\"@type\":\"ListItem\",\"position\":1,\"name\":\"Home\",\"item\":\"https:\\\/\\\/torreznosmadrid.es\\\/\"},{\"@type\":\"ListItem\",\"position\":2,\"name\":\"Contacto\"}]},{\"@type\":\"WebSite\",\"@id\":\"https:\\\/\\\/torreznosmadrid.es\\\/#website\",\"url\":\"https:\\\/\\\/torreznosmadrid.es\\\/\",\"name\":\"Torreznos Madrid\",\"description\":\"Los mejores torreznos de Madrid\",\"publisher\":{\"@id\":\"https:\\\/\\\/torreznosmadrid.es\\\/#organization\"},\"potentialAction\":[{\"@type\":\"SearchAction\",\"target\":{\"@type\":\"EntryPoint\",\"urlTemplate\":\"https:\\\/\\\/torreznosmadrid.es\\\/?s={search_term_string}\"},\"query-input\":{\"@type\":\"PropertyValueSpecification\",\"valueRequired\":true,\"valueName\":\"search_term_string\"}}],\"inLanguage\":\"en-GB\"},{\"@type\":\"Organization\",\"@id\":\"https:\\\/\\\/torreznosmadrid.es\\\/#organization\",\"name\":\"Torreznos Madrid\",\"url\":\"https:\\\/\\\/torreznosmadrid.es\\\/\",\"logo\":{\"@type\":\"ImageObject\",\"inLanguage\":\"en-GB\",\"@id\":\"https:\\\/\\\/torreznosmadrid.es\\\/#\\\/schema\\\/logo\\\/image\\\/\",\"url\":\"https:\\\/\\\/torreznosmadrid.es\\\/wp-content\\\/uploads\\\/2024\\\/03\\\/Torreznos-Madrid.webp\",\"contentUrl\":\"https:\\\/\\\/torreznosmadrid.es\\\/wp-content\\\/uploads\\\/2024\\\/03\\\/Torreznos-Madrid.webp\",\"width\":414,\"height\":414,\"caption\":\"Torreznos Madrid\"},\"image\":{\"@id\":\"https:\\\/\\\/torreznosmadrid.es\\\/#\\\/schema\\\/logo\\\/image\\\/\"}}]}<\/script>\n<!-- \/ Yoast SEO plugin. -->","yoast_head_json":{"title":"Contacto - Torreznos Madrid","description":"Puedes contactar con nosotros para reservar, prepararte un pedido a recoger o para decirnos lo buenos que est\u00e1n nuestros torreznos.","robots":{"index":"index","follow":"follow","max-snippet":"max-snippet:-1","max-image-preview":"max-image-preview:large","max-video-preview":"max-video-preview:-1"},"canonical":"https:\/\/torreznosmadrid.es\/en\/contacto\/","og_locale":"en_GB","og_type":"article","og_title":"Contacto - Torreznos Madrid","og_description":"Puedes contactar con nosotros para reservar, prepararte un pedido a recoger o para decirnos lo buenos que est\u00e1n nuestros torreznos.","og_url":"https:\/\/torreznosmadrid.es\/en\/contacto\/","og_site_name":"Torreznos Madrid","article_modified_time":"2025-08-31T10:46:23+00:00","twitter_card":"summary_large_image","twitter_misc":{"Estimated reading time":"1 minute"},"schema":{"@context":"https:\/\/schema.org","@graph":[{"@type":"WebPage","@id":"https:\/\/torreznosmadrid.es\/contacto\/","url":"https:\/\/torreznosmadrid.es\/contacto\/","name":"Contacto - Torreznos Madrid","isPartOf":{"@id":"https:\/\/torreznosmadrid.es\/#website"},"datePublished":"2025-07-24T14:27:43+00:00","dateModified":"2025-08-31T10:46:23+00:00","description":"Puedes contactar con nosotros para reservar, prepararte un pedido a recoger o para decirnos lo buenos que est\u00e1n nuestros torreznos.","breadcrumb":{"@id":"https:\/\/torreznosmadrid.es\/contacto\/#breadcrumb"},"inLanguage":"en-GB","potentialAction":[{"@type":"ReadAction","target":["https:\/\/torreznosmadrid.es\/contacto\/"]}]},{"@type":"BreadcrumbList","@id":"https:\/\/torreznosmadrid.es\/contacto\/#breadcrumb","itemListElement":[{"@type":"ListItem","position":1,"name":"Home","item":"https:\/\/torreznosmadrid.es\/"},{"@type":"ListItem","position":2,"name":"Contacto"}]},{"@type":"WebSite","@id":"https:\/\/torreznosmadrid.es\/#website","url":"https:\/\/torreznosmadrid.es\/","name":"Torreznos Madrid","description":"The best torreznos in Madrid","publisher":{"@id":"https:\/\/torreznosmadrid.es\/#organization"},"potentialAction":[{"@type":"SearchAction","target":{"@type":"EntryPoint","urlTemplate":"https:\/\/torreznosmadrid.es\/?s={search_term_string}"},"query-input":{"@type":"PropertyValueSpecification","valueRequired":true,"valueName":"search_term_string"}}],"inLanguage":"en-GB"},{"@type":"Organization","@id":"https:\/\/torreznosmadrid.es\/#organization","name":"Torreznos Madrid","url":"https:\/\/torreznosmadrid.es\/","logo":{"@type":"ImageObject","inLanguage":"en-GB","@id":"https:\/\/torreznosmadrid.es\/#\/schema\/logo\/image\/","url":"https:\/\/torreznosmadrid.es\/wp-content\/uploads\/2024\/03\/Torreznos-Madrid.webp","contentUrl":"https:\/\/torreznosmadrid.es\/wp-content\/uploads\/2024\/03\/Torreznos-Madrid.webp","width":414,"height":414,"caption":"Torreznos Madrid"},"image":{"@id":"https:\/\/torreznosmadrid.es\/#\/schema\/logo\/image\/"}}]}},"_links":{"self":[{"href":"https:\/\/torreznosmadrid.es\/en\/wp-json\/wp\/v2\/pages\/19","targetHints":{"allow":["GET"]}}],"collection":[{"href":"https:\/\/torreznosmadrid.es\/en\/wp-json\/wp\/v2\/pages"}],"about":[{"href":"https:\/\/torreznosmadrid.es\/en\/wp-json\/wp\/v2\/types\/page"}],"author":[{"embeddable":true,"href":"https:\/\/torreznosmadrid.es\/en\/wp-json\/wp\/v2\/users\/1"}],"replies":[{"embeddable":true,"href":"https:\/\/torreznosmadrid.es\/en\/wp-json\/wp\/v2\/comments?post=19"}],"version-history":[{"count":16,"href":"https:\/\/torreznosmadrid.es\/en\/wp-json\/wp\/v2\/pages\/19\/revisions"}],"predecessor-version":[{"id":1895,"href":"https:\/\/torreznosmadrid.es\/en\/wp-json\/wp\/v2\/pages\/19\/revisions\/1895"}],"wp:attachment":[{"href":"https:\/\/torreznosmadrid.es\/en\/wp-json\/wp\/v2\/media?parent=19"}],"curies":[{"name":"wp","href":"https:\/\/api.w.org\/{rel}","templated":true}]}}