{"id":4,"date":"2019-07-24T14:27:43","date_gmt":"2019-07-24T14:27:43","guid":{"rendered":"https:\/\/torreznosmadrid.es\/?p=4"},"modified":"2026-04-23T12:43:29","modified_gmt":"2026-04-23T12:43:29","slug":"desayunos-odonnell","status":"publish","type":"page","link":"https:\/\/torreznosmadrid.es\/en\/desayunos-odonnell\/","title":{"rendered":"Breakfast"},"content":{"rendered":"<h1>Nuestros desayunos<\/h1>\n<div>\n<p>Aprovecha al m\u00e1ximo tus ma\u00f1anas con nuestros deliciosos desayunos.<\/p>\n<p>\u00a1Recuerda que el desayuno es la comida m\u00e1s importante del d\u00eda!<\/p>\n<\/div>\n<h2>Desayunos Los Torreznos<\/h2>\n<div>A partir de las 06:00 de la ma\u00f1ana<\/div>\n<hr>\n<ul>\n<li>\n<h3>Caf\u00e9 y churros\/Porras<\/h3>\n<p>3.20<\/p>\n<\/li>\n<li>\n<h3>Caf\u00e9 y croissant plancha<\/h3>\n<p>3.60<\/p>\n<\/li>\n<li>\n<h3>Caf\u00e9 con boller\u00eda<\/h3>\n<p>3.20<\/p>\n<\/li>\n<li>\n<h3>Caf\u00e9 con barrita, tostada<\/h3>\n<p>\u00bd 2.80  \/ 3.40<\/p>\n<\/li>\n<li>\n<h3>Caf\u00e9 con pincho de tortilla<\/h3>\n<p>4.70<\/p>\n<\/li>\n<li>\n<h3>Caf\u00e9 con sanwich mixto<\/h3>\n<p>5.00<\/p>\n<\/li>\n<li>\n<h3>Caf\u00e9 con croissant mixto<\/h3>\n<p>5.20<\/p>\n<\/li>\n<li>\n<h3>Chocolate con Churros\/Porras<\/h3>\n<p>3.90<\/p>\n<\/li>\n<li>\n<h3>Caf\u00e9 con churros\/porras y zumo natural<\/h3>\n<p>5.60<\/p>\n<\/li>\n<li>\n<h3>Caf\u00e9 con tostada y zumo natural<\/h3>\n<p>5.60<\/p>\n<\/li>\n<\/ul>\n<h2>Desayunos de toma pan y moja<\/h2>\n<div>\n<p>Estos desayunos s\u00ed que son para afrontar la ma\u00f1ana<\/p>\n<\/div>\n<ul>\n<li>\n<h3>Huevos fritos con bacon y pan tostado<\/h3>\n<p>6.00<\/p>\n<\/li>\n<li>\n<h3>Huevos revueltos con bacon y pan tostado<\/h3>\n<p>6.00<\/p>\n<\/li>\n<\/ul>\n<p><!--more--><br \/>\n<!-- {\"name\":\"About\",\"type\":\"layout\",\"children\":[{\"name\":\"Menu\",\"type\":\"section\",\"props\":{\"animation\":\"fade\",\"image\":\"wp-content\/uploads\/2023\/03\/desayuno-torreznos-madrid.jpg\",\"image_effect\":\"fixed\",\"image_loading\":true,\"image_position\":\"center-center\",\"image_size\":\"cover\",\"image_width\":\"1920\",\"padding_bottom\":\"large\",\"padding_top\":\"large\",\"style\":\"default\",\"title_breakpoint\":\"xl\",\"title_position\":\"top-left\",\"title_rotation\":\"left\",\"vertical_align\":\"\",\"width\":\"default\"},\"children\":[{\"type\":\"row\",\"children\":[{\"type\":\"column\",\"props\":{\"image_position\":\"center-center\",\"padding\":\"large\",\"position_sticky_breakpoint\":\"m\",\"style\":\"tile-default\",\"width_medium\":\"1-1\"},\"children\":[{\"type\":\"headline\",\"props\":{\"content\":\"Nuestros desayunos\",\"image_align\":\"left\",\"image_margin\":\"xsmall\",\"text_align\":\"center\",\"title_element\":\"h1\",\"title_style\":\"h2\"}},{\"type\":\"text\",\"props\":{\"block_align\":\"center\",\"column_breakpoint\":\"m\",\"content\":\"\n\n<p>Aprovecha al m\u00e1ximo tus ma\u00f1anas con nuestros deliciosos desayunos.<\/p>\n\n\\n\n\n<p>\u00a1Recuerda que el desayuno es la comida m\u00e1s importante del d\u00eda!<\/p>\n\n\",\"margin_bottom\":\"large\",\"margin_top\":\"remove\",\"maxwidth\":\"large\",\"text_align\":\"center\"}},{\"type\":\"headline\",\"props\":{\"content\":\"Desayunos Los Torreznos\",\"image_align\":\"left\",\"image_margin\":\"xsmall\",\"margin_bottom\":\"small\",\"margin_top\":\"small\",\"text_align\":\"center\",\"title_element\":\"h2\",\"title_style\":\"h3\"}},{\"type\":\"text\",\"props\":{\"column_breakpoint\":\"m\",\"content\":\"A partir de las 06:00 de la ma\u00f1ana\",\"margin_bottom\":\"\",\"margin_top\":\"\",\"text_align\":\"center\"}},{\"type\":\"divider\",\"props\":{\"divider_align\":\"center\",\"divider_element\":\"hr\",\"divider_style\":\"small\"}},{\"type\":\"description_list\",\"props\":{\"block_align\":\"center\",\"column_breakpoint\":\"m\",\"layout\":\"grid-2-m\",\"list_element\":\"ul\",\"list_size\":\"large\",\"margin_bottom\":\"large\",\"margin_top\":\"large\",\"maxwidth\":\"xlarge\",\"meta_align\":\"bottom\",\"meta_color\":\"primary\",\"meta_style\":\"\",\"show_content\":true,\"show_link\":true,\"show_meta\":true,\"show_title\":true,\"title_element\":\"div\",\"title_grid_column_gap\":\"small\",\"title_grid_row_gap\":\"small\",\"title_grid_width\":\"expand\",\"title_leader\":true},\"children\":[{\"type\":\"description_list_item\",\"props\":{\"content\":\"\",\"meta\":\"3.20\",\"title\":\"Caf\u00e9 y churros\/Porras\"}},{\"type\":\"description_list_item\",\"props\":{\"content\":\"\",\"meta\":\"3.60\",\"title\":\"Caf\u00e9 y croissant plancha\"}},{\"type\":\"description_list_item\",\"props\":{\"content\":\"\",\"meta\":\"3.20\",\"title\":\"Caf\u00e9 con boller\u00eda\"}},{\"type\":\"description_list_item\",\"props\":{\"content\":\"\",\"meta\":\"\u00bd 2.80  \/ 3.40\",\"title\":\"Caf\u00e9 con barrita, tostada\"}},{\"type\":\"description_list_item\",\"props\":{\"content\":\"\",\"meta\":\"4.70\",\"title\":\"Caf\u00e9 con pincho de tortilla\"}},{\"type\":\"description_list_item\",\"props\":{\"content\":\"\",\"meta\":\"5.00\",\"title\":\"Caf\u00e9 con sanwich mixto\"}},{\"type\":\"description_list_item\",\"props\":{\"content\":\"\",\"meta\":\"5.20\",\"title\":\"Caf\u00e9 con croissant mixto\"}},{\"type\":\"description_list_item\",\"props\":{\"content\":\"\",\"meta\":\"3.90\",\"title\":\"Chocolate con Churros\/Porras\"}},{\"type\":\"description_list_item\",\"props\":{\"content\":\"\",\"meta\":\"5.60\",\"title\":\"Caf\u00e9 con churros\/porras y zumo natural\"}},{\"type\":\"description_list_item\",\"props\":{\"content\":\"\",\"meta\":\"5.60\",\"title\":\"Caf\u00e9 con tostada y zumo natural\"}}]},{\"type\":\"headline\",\"props\":{\"content\":\"Desayunos de toma pan y moja\",\"image_align\":\"left\",\"image_margin\":\"xsmall\",\"margin_bottom\":\"small\",\"margin_top\":\"small\",\"text_align\":\"center\",\"title_element\":\"h2\",\"title_style\":\"h3\"}},{\"type\":\"text\",\"props\":{\"block_align\":\"center\",\"column_breakpoint\":\"m\",\"content\":\"\n\n<p>Estos desayunos s\u00ed que son para afrontar la ma\u00f1ana<\/p>\n\n\",\"margin_bottom\":\"large\",\"margin_top\":\"remove\",\"maxwidth\":\"large\",\"text_align\":\"center\"}},{\"type\":\"description_list\",\"props\":{\"block_align\":\"center\",\"column_breakpoint\":\"m\",\"layout\":\"grid-2-m\",\"list_element\":\"ul\",\"list_size\":\"large\",\"margin_bottom\":\"large\",\"margin_top\":\"large\",\"maxwidth\":\"xlarge\",\"meta_align\":\"bottom\",\"meta_color\":\"primary\",\"meta_style\":\"\",\"show_content\":true,\"show_link\":true,\"show_meta\":true,\"show_title\":true,\"title_element\":\"div\",\"title_grid_column_gap\":\"small\",\"title_grid_row_gap\":\"small\",\"title_grid_width\":\"expand\",\"title_leader\":true},\"children\":[{\"type\":\"description_list_item\",\"props\":{\"content\":\"\",\"meta\":\"6.00\",\"title\":\"Huevos fritos con bacon y pan tostado\"}},{\"type\":\"description_list_item\",\"props\":{\"content\":\"\",\"meta\":\"6.00\",\"title\":\"Huevos revueltos con bacon y pan tostado\"}}]}]}]}]}],\"version\":\"5.0.23\"} --><\/p>\n","protected":false},"excerpt":{"rendered":"<p>Nuestros desayunos Aprovecha al m\u00e1ximo tus ma\u00f1anas con nuestros deliciosos desayunos. \u00a1Recuerda que el desayuno es la comida m\u00e1s importante del d\u00eda! Desayunos Los Torreznos A partir de las 06:00 de la ma\u00f1ana Caf\u00e9 y churros\/Porras 3.20 Caf\u00e9 y croissant plancha 3.60 Caf\u00e9 con boller\u00eda 3.20 Caf\u00e9 con barrita, tostada \u00bd 2.80 \/ 3.40 Caf\u00e9 [&hellip;]<\/p>\n","protected":false},"author":1,"featured_media":0,"parent":0,"menu_order":6,"comment_status":"open","ping_status":"open","template":"","meta":{"_acf_changed":false,"footnotes":""},"class_list":["post-4","page","type-page","status-publish","hentry"],"acf":[],"yoast_head":"<!-- This site is optimized with the Yoast SEO plugin v27.4 - https:\/\/yoast.com\/product\/yoast-seo-wordpress\/ -->\n<title>Desayunos - Torreznos Madrid O&#039;Donnell<\/title>\n<meta name=\"description\" content=\"Descubre la carta de los desayunos de los Torreznos Madrid. Tenemos platos de desayunos buen\u00edsimos. Vente a O&#039;Donnell y prueba.\" \/>\n<meta name=\"robots\" content=\"index, follow, max-snippet:-1, max-image-preview:large, max-video-preview:-1\" \/>\n<link rel=\"canonical\" href=\"https:\/\/torreznosmadrid.es\/en\/desayunos-odonnell\/\" \/>\n<meta property=\"og:locale\" content=\"en_GB\" \/>\n<meta property=\"og:type\" content=\"article\" \/>\n<meta property=\"og:title\" content=\"Desayunos - Torreznos Madrid O&#039;Donnell\" \/>\n<meta property=\"og:description\" content=\"Descubre la carta de los desayunos de los Torreznos Madrid. Tenemos platos de desayunos buen\u00edsimos. Vente a O&#039;Donnell y prueba.\" \/>\n<meta property=\"og:url\" content=\"https:\/\/torreznosmadrid.es\/en\/desayunos-odonnell\/\" \/>\n<meta property=\"og:site_name\" content=\"Torreznos Madrid\" \/>\n<meta property=\"article:modified_time\" content=\"2026-04-23T12:43:29+00:00\" \/>\n<meta name=\"twitter:card\" content=\"summary_large_image\" \/>\n<meta name=\"twitter:label1\" content=\"Estimated reading time\" \/>\n\t<meta name=\"twitter:data1\" content=\"2 minutes\" \/>\n<script type=\"application\/ld+json\" class=\"yoast-schema-graph\">{\"@context\":\"https:\\\/\\\/schema.org\",\"@graph\":[{\"@type\":\"WebPage\",\"@id\":\"https:\\\/\\\/torreznosmadrid.es\\\/desayunos-odonnell\\\/\",\"url\":\"https:\\\/\\\/torreznosmadrid.es\\\/desayunos-odonnell\\\/\",\"name\":\"Desayunos - Torreznos Madrid O'Donnell\",\"isPartOf\":{\"@id\":\"https:\\\/\\\/torreznosmadrid.es\\\/#website\"},\"datePublished\":\"2019-07-24T14:27:43+00:00\",\"dateModified\":\"2026-04-23T12:43:29+00:00\",\"description\":\"Descubre la carta de los desayunos de los Torreznos Madrid. Tenemos platos de desayunos buen\u00edsimos. Vente a O'Donnell y prueba.\",\"breadcrumb\":{\"@id\":\"https:\\\/\\\/torreznosmadrid.es\\\/desayunos-odonnell\\\/#breadcrumb\"},\"inLanguage\":\"en-GB\",\"potentialAction\":[{\"@type\":\"ReadAction\",\"target\":[\"https:\\\/\\\/torreznosmadrid.es\\\/desayunos-odonnell\\\/\"]}]},{\"@type\":\"BreadcrumbList\",\"@id\":\"https:\\\/\\\/torreznosmadrid.es\\\/desayunos-odonnell\\\/#breadcrumb\",\"itemListElement\":[{\"@type\":\"ListItem\",\"position\":1,\"name\":\"Home\",\"item\":\"https:\\\/\\\/torreznosmadrid.es\\\/\"},{\"@type\":\"ListItem\",\"position\":2,\"name\":\"Desayunos\"}]},{\"@type\":\"WebSite\",\"@id\":\"https:\\\/\\\/torreznosmadrid.es\\\/#website\",\"url\":\"https:\\\/\\\/torreznosmadrid.es\\\/\",\"name\":\"Torreznos Madrid\",\"description\":\"Los mejores torreznos de Madrid\",\"publisher\":{\"@id\":\"https:\\\/\\\/torreznosmadrid.es\\\/#organization\"},\"potentialAction\":[{\"@type\":\"SearchAction\",\"target\":{\"@type\":\"EntryPoint\",\"urlTemplate\":\"https:\\\/\\\/torreznosmadrid.es\\\/?s={search_term_string}\"},\"query-input\":{\"@type\":\"PropertyValueSpecification\",\"valueRequired\":true,\"valueName\":\"search_term_string\"}}],\"inLanguage\":\"en-GB\"},{\"@type\":\"Organization\",\"@id\":\"https:\\\/\\\/torreznosmadrid.es\\\/#organization\",\"name\":\"Torreznos Madrid\",\"url\":\"https:\\\/\\\/torreznosmadrid.es\\\/\",\"logo\":{\"@type\":\"ImageObject\",\"inLanguage\":\"en-GB\",\"@id\":\"https:\\\/\\\/torreznosmadrid.es\\\/#\\\/schema\\\/logo\\\/image\\\/\",\"url\":\"https:\\\/\\\/torreznosmadrid.es\\\/wp-content\\\/uploads\\\/2024\\\/03\\\/Torreznos-Madrid.webp\",\"contentUrl\":\"https:\\\/\\\/torreznosmadrid.es\\\/wp-content\\\/uploads\\\/2024\\\/03\\\/Torreznos-Madrid.webp\",\"width\":414,\"height\":414,\"caption\":\"Torreznos Madrid\"},\"image\":{\"@id\":\"https:\\\/\\\/torreznosmadrid.es\\\/#\\\/schema\\\/logo\\\/image\\\/\"}}]}<\/script>\n<!-- \/ Yoast SEO plugin. -->","yoast_head_json":{"title":"Desayunos - Torreznos Madrid O'Donnell","description":"Descubre la carta de los desayunos de los Torreznos Madrid. Tenemos platos de desayunos buen\u00edsimos. Vente a O'Donnell y prueba.","robots":{"index":"index","follow":"follow","max-snippet":"max-snippet:-1","max-image-preview":"max-image-preview:large","max-video-preview":"max-video-preview:-1"},"canonical":"https:\/\/torreznosmadrid.es\/en\/desayunos-odonnell\/","og_locale":"en_GB","og_type":"article","og_title":"Desayunos - Torreznos Madrid O'Donnell","og_description":"Descubre la carta de los desayunos de los Torreznos Madrid. Tenemos platos de desayunos buen\u00edsimos. Vente a O'Donnell y prueba.","og_url":"https:\/\/torreznosmadrid.es\/en\/desayunos-odonnell\/","og_site_name":"Torreznos Madrid","article_modified_time":"2026-04-23T12:43:29+00:00","twitter_card":"summary_large_image","twitter_misc":{"Estimated reading time":"2 minutes"},"schema":{"@context":"https:\/\/schema.org","@graph":[{"@type":"WebPage","@id":"https:\/\/torreznosmadrid.es\/desayunos-odonnell\/","url":"https:\/\/torreznosmadrid.es\/desayunos-odonnell\/","name":"Desayunos - Torreznos Madrid O'Donnell","isPartOf":{"@id":"https:\/\/torreznosmadrid.es\/#website"},"datePublished":"2019-07-24T14:27:43+00:00","dateModified":"2026-04-23T12:43:29+00:00","description":"Descubre la carta de los desayunos de los Torreznos Madrid. Tenemos platos de desayunos buen\u00edsimos. Vente a O'Donnell y prueba.","breadcrumb":{"@id":"https:\/\/torreznosmadrid.es\/desayunos-odonnell\/#breadcrumb"},"inLanguage":"en-GB","potentialAction":[{"@type":"ReadAction","target":["https:\/\/torreznosmadrid.es\/desayunos-odonnell\/"]}]},{"@type":"BreadcrumbList","@id":"https:\/\/torreznosmadrid.es\/desayunos-odonnell\/#breadcrumb","itemListElement":[{"@type":"ListItem","position":1,"name":"Home","item":"https:\/\/torreznosmadrid.es\/"},{"@type":"ListItem","position":2,"name":"Desayunos"}]},{"@type":"WebSite","@id":"https:\/\/torreznosmadrid.es\/#website","url":"https:\/\/torreznosmadrid.es\/","name":"Torreznos Madrid","description":"The best torreznos in Madrid","publisher":{"@id":"https:\/\/torreznosmadrid.es\/#organization"},"potentialAction":[{"@type":"SearchAction","target":{"@type":"EntryPoint","urlTemplate":"https:\/\/torreznosmadrid.es\/?s={search_term_string}"},"query-input":{"@type":"PropertyValueSpecification","valueRequired":true,"valueName":"search_term_string"}}],"inLanguage":"en-GB"},{"@type":"Organization","@id":"https:\/\/torreznosmadrid.es\/#organization","name":"Torreznos Madrid","url":"https:\/\/torreznosmadrid.es\/","logo":{"@type":"ImageObject","inLanguage":"en-GB","@id":"https:\/\/torreznosmadrid.es\/#\/schema\/logo\/image\/","url":"https:\/\/torreznosmadrid.es\/wp-content\/uploads\/2024\/03\/Torreznos-Madrid.webp","contentUrl":"https:\/\/torreznosmadrid.es\/wp-content\/uploads\/2024\/03\/Torreznos-Madrid.webp","width":414,"height":414,"caption":"Torreznos Madrid"},"image":{"@id":"https:\/\/torreznosmadrid.es\/#\/schema\/logo\/image\/"}}]}},"_links":{"self":[{"href":"https:\/\/torreznosmadrid.es\/en\/wp-json\/wp\/v2\/pages\/4","targetHints":{"allow":["GET"]}}],"collection":[{"href":"https:\/\/torreznosmadrid.es\/en\/wp-json\/wp\/v2\/pages"}],"about":[{"href":"https:\/\/torreznosmadrid.es\/en\/wp-json\/wp\/v2\/types\/page"}],"author":[{"embeddable":true,"href":"https:\/\/torreznosmadrid.es\/en\/wp-json\/wp\/v2\/users\/1"}],"replies":[{"embeddable":true,"href":"https:\/\/torreznosmadrid.es\/en\/wp-json\/wp\/v2\/comments?post=4"}],"version-history":[{"count":43,"href":"https:\/\/torreznosmadrid.es\/en\/wp-json\/wp\/v2\/pages\/4\/revisions"}],"predecessor-version":[{"id":1988,"href":"https:\/\/torreznosmadrid.es\/en\/wp-json\/wp\/v2\/pages\/4\/revisions\/1988"}],"wp:attachment":[{"href":"https:\/\/torreznosmadrid.es\/en\/wp-json\/wp\/v2\/media?parent=4"}],"curies":[{"name":"wp","href":"https:\/\/api.w.org\/{rel}","templated":true}]}}